{"id":2687,"date":"2020-11-12T12:58:32","date_gmt":"2020-11-12T09:58:32","guid":{"rendered":"https:\/\/ia.com.tr\/?page_id=2687"},"modified":"2020-11-12T12:58:32","modified_gmt":"2020-11-12T09:58:32","slug":"hakkimizda","status":"publish","type":"page","link":"https:\/\/ia.com.tr\/tr\/hakkimizda\/","title":{"rendered":"Hakk\u0131m\u0131zda"},"content":{"rendered":"<section class=\"av_textblock_section \"  itemscope=\"itemscope\" itemtype=\"https:\/\/schema.org\/CreativeWork\" ><div class='avia_textblock  '   itemprop=\"text\" ><p>IA (INDEPENDENT ACCOUNTANTS) m\u00fc\u015fterilerine, muhasebe, bordro, raporlama hizmeti, Tam Tasdik, KDV \u0130adesi, Vergi dan\u0131\u015fmanl\u0131k hizmetleri ile Sosyal G\u00fcvenlik Mevzuat\u0131 destek ve te\u015fvikleri hizmeti ile Ticaret Hukuku alanlar\u0131nda dan\u0131\u015fmanl\u0131k hizmetleri sa\u011flayan profesyonel bir \u015firkettir. B\u00fcnyesinde yirmiyi a\u015fk\u0131n profesyonel ile kurulu\u015f ve \u015firketlere T\u00fcrkiye\u2019de ge\u00e7erli mali m\u00fc\u015favirlik mevzuat\u0131 ve yasal d\u00fczenlemeler \u00e7er\u00e7evesinde hizmet vermektedir.<\/p>\n<p>IA, 2004 y\u0131l\u0131nda ErnstYoung Ankara Outsourcing b\u00f6l\u00fcm\u00fcn\u00fcn kapat\u0131lmas\u0131 neticesinde, bu b\u00f6l\u00fcm\u00fcn M\u00fcd\u00fcrl\u00fc\u011f\u00fcn\u00fc yapan \u00d6znur \u00d6zt\u00fcrk \u00f6nderli\u011finde kurulmu\u015ftur.<\/p>\n<p>IA m\u00fc\u015fterilerine T\u00fcrk muhasebe standartlar\u0131 ve mali mevzuat kapsam\u0131nda sundu\u011fu muhasebe, bordro, beyanname hizmetleri sa\u011flamaktad\u0131r. Ayr\u0131ca y\u00f6netim raporlamas\u0131, TMS, TFRS raporlamas\u0131, gibi muhasebe standartlar\u0131 \u00e7er\u00e7evesinde raporlama yapabilme kabiliyeti ile m\u00fc\u015fterilerinin bu alandaki personel istihdam gereklerini ortadan kald\u0131rmakta ve d\u00fc\u015f\u00fck raporlama ihtiyac\u0131n\u0131 kar\u015f\u0131lamaktad\u0131r. IA, ayr\u0131ca m\u00fc\u015fterilerinin ihtiya\u00e7 duydu\u011fu her t\u00fcrl\u00fc raporlama ihtiya\u00e7lar\u0131n\u0131 kar\u015f\u0131layabilecek muhasebe program\u0131 dizayn ve geli\u015ftirilmesi konusunda ayr\u0131ca dan\u0131\u015fmanl\u0131k hizmetleri de vermektedir.<\/p>\n<p>IA, 2017 y\u0131l\u0131ndan itibaren m\u00fc\u015fterilerine, Yeminli Mali M\u00fc\u015favirlik \u015eirketi ile (INDEPENDENT AUDITORS) ile Tam Tasdik Hizmetleri KDV \u0130adesi, Vergi planlamas\u0131 ve dan\u0131\u015fmanl\u0131\u011f\u0131 hizmetlerini vermektedir.<\/p>\n<p>IA, m\u00fc\u015fterilerine, Ticaret Hukuku Hukuk dan\u0131\u015fmanl\u0131k hizmetleri kapsam\u0131nda her t\u00fcrl\u00fc Ticaret Sicil i\u015flemlerinin yap\u0131lmas\u0131 (Adres de\u011fi\u015fikli\u011fi, Limited \u015firketlerde M\u00fcd\u00fcr de\u011fi\u015fikli\u011fi ve atanmas\u0131, hissedar de\u011fi\u015fikli\u011fi, anonim \u015firketlerde Y\u00f6netim Kurulu \u00fcye de\u011fi\u015fikli\u011fi, hissedar de\u011fi\u015fikli\u011fi, Ola\u011fan ve ola\u011fan\u00fcst\u00fc genel kurul organizasyonlar\u0131), \u015firket kurulu\u015fu, sermaye art\u0131\u015f\u0131, \u015firket nevi de\u011fi\u015fikli\u011fi, hisse devri, tasfiye, birle\u015fme ve devir ve b\u00f6l\u00fcnme i\u015flemleri yap\u0131lmaktad\u0131r.<\/p>\n<p>IA olarak, \u015firketimizin kurulu\u015fundan bug\u00fcne g\u00f6stermi\u015f oldu\u011fu b\u00fcy\u00fcme ve sekt\u00f6rdeki hakl\u0131 pay sahipli\u011fi ile gurur duyuyoruz. Gelmi\u015f oldu\u011fumuz seviyede hizmet kalitemiz ve ula\u015fm\u0131\u015f oldu\u011fumuz m\u00fc\u015fteri memnuniyetimizin \u00e7ok b\u00fcy\u00fck katk\u0131s\u0131 oldu\u011fu a\u00e7\u0131kt\u0131r. \u2018Her a\u015famada en y\u00fcksek kalite\u2019 olarak T\u00fcrk\u00e7eye aktarabilece\u011fimiz \u2018Highest quality in each step\u2019 slogan\u0131m\u0131z ile m\u00fc\u015fterilerimize sundu\u011fumuz hizmetlerin her a\u015famas\u0131nda en y\u00fcksek kaliteyi sunaca\u011f\u0131m\u0131z\u0131 taahh\u00fct etmekteyiz.<\/p>\n<p>Misyonumuz m\u00fc\u015fterilerimize hizmetimizin her a\u015famas\u0131nda en y\u00fcksek kaliteli hizmeti sunmakt\u0131r.<\/p>\n<p>Ba\u015fl\u0131ca ama\u00e7lar\u0131m\u0131z a\u015fa\u011f\u0131dad\u0131r.<\/p>\n<ul>\n<li>M\u00fc\u015fterilerimize tam kapsaml\u0131 muhasebe, defter tutma, beyanname, y\u00f6netim muhasebesi, finansal muhasebe ve bordro hizmetleri sa\u011flamak,<\/li>\n<li>Yat\u0131r\u0131mc\u0131lara T\u00fcrkiye\u2019de kendi i\u015f modelleri ve ihtiya\u00e7lar\u0131na uyan en uygun ticari i\u015fletme modelini olu\u015fturmak kurulu\u015ftan tasfiye ve sat\u0131\u015f s\u00fcrecine kadar olan a\u015famalarda Hukuk Dan\u0131\u015fmanl\u0131\u011f\u0131 sa\u011flamak,<\/li>\n<li>M\u00fc\u015fterilerimize vergi \u00a0\u00f6z, anlaml\u0131 ve de\u011ferli vergi dan\u0131\u015fmanl\u0131k hizmetleri sa\u011flamak.<\/li>\n<\/ul>\n<\/div><\/section>\n<div  class='avia-buttonrow-wrap avia-buttonrow-left   avia-builder-el-1  el_after_av_textblock  el_before_av_gallery '>\n<a href='tel:\/\/+903124469205'  class='avia-button  avia-icon_select-yes-left-icon avia-color-theme-color-subtle avia-size-large '  style='margin-bottom:5px; margin-right:5px; ' ><span class='avia_button_icon avia_button_icon_left ' aria-hidden='true' data-av_icon='\uf120' data-av_iconfont='flaticon'><\/span><span class='avia_iconbox_title' >+90 312 446 92 05<\/span><\/a>\n<a href='mailto:mailto:oznur.ozturk@ia.com.tr'  class='avia-button  avia-icon_select-yes-left-icon avia-color-theme-color-subtle avia-size-large '  style='margin-bottom:5px; margin-right:5px; ' ><span class='avia_button_icon avia_button_icon_left ' aria-hidden='true' data-av_icon='\uf121' data-av_iconfont='flaticon'><\/span><span class='avia_iconbox_title' >oznur.ozturk@ia.com.tr<\/span><\/a>\n<\/div>\n<div  class='avia-gallery  avia-gallery-1 avia_lazyload avia-gallery-animate avia_animate_when_visible  avia-builder-el-2  el_after_av_buttonrow  avia-builder-el-last '  itemprop=\"image\" itemscope=\"itemscope\" itemtype=\"https:\/\/schema.org\/ImageObject\" ><div class='avia-gallery-thumb'> <a href='https:\/\/ia.com.tr\/wp-content\/uploads\/2019\/12\/SKMBT_28319122717403-1-728x1030.jpg' data-rel='gallery-1' data-prev-img='https:\/\/ia.com.tr\/wp-content\/uploads\/2019\/12\/SKMBT_28319122717403-1-495x400.jpg' class='first_thumb lightbox ' data-onclick='1' title=''  itemprop=\"thumbnailUrl\" ><img  src='https:\/\/ia.com.tr\/wp-content\/uploads\/2019\/12\/SKMBT_28319122717403-1-212x300.jpg' width='212' height='300'  title='SKMBT_28319122717403-1' alt='' \/><\/a> <a href='https:\/\/ia.com.tr\/wp-content\/uploads\/2019\/12\/SKMBT_28319122717402-1-728x1030.jpg' data-rel='gallery-1' data-prev-img='https:\/\/ia.com.tr\/wp-content\/uploads\/2019\/12\/SKMBT_28319122717402-1-495x400.jpg' class='lightbox ' data-onclick='2' title=''  itemprop=\"thumbnailUrl\" ><img  src='https:\/\/ia.com.tr\/wp-content\/uploads\/2019\/12\/SKMBT_28319122717402-1-212x300.jpg' width='212' height='300'  title='SKMBT_28319122717402-1' alt='' \/><\/a> <a href='https:\/\/ia.com.tr\/wp-content\/uploads\/2019\/12\/SKMBT_28319122717401-1-728x1030.jpg' data-rel='gallery-1' data-prev-img='https:\/\/ia.com.tr\/wp-content\/uploads\/2019\/12\/SKMBT_28319122717401-1-495x400.jpg' class='lightbox ' data-onclick='3' title=''  itemprop=\"thumbnailUrl\" ><img  src='https:\/\/ia.com.tr\/wp-content\/uploads\/2019\/12\/SKMBT_28319122717401-1-212x300.jpg' width='212' height='300'  title='SKMBT_28319122717401-1' alt='' \/><\/a> <a href='https:\/\/ia.com.tr\/wp-content\/uploads\/2019\/12\/SKMBT_28319122717390-1-728x1030.jpg' data-rel='gallery-1' data-prev-img='https:\/\/ia.com.tr\/wp-content\/uploads\/2019\/12\/SKMBT_28319122717390-1-495x400.jpg' class='lightbox ' data-onclick='4' title=''  itemprop=\"thumbnailUrl\" ><img  src='https:\/\/ia.com.tr\/wp-content\/uploads\/2019\/12\/SKMBT_28319122717390-1-212x300.jpg' width='212' height='300'  title='SKMBT_28319122717390-1' alt='' \/><\/a> <a href='https:\/\/ia.com.tr\/wp-content\/uploads\/2019\/12\/SKMBT_28319122717391-1-728x1030.jpg' data-rel='gallery-1' data-prev-img='https:\/\/ia.com.tr\/wp-content\/uploads\/2019\/12\/SKMBT_28319122717391-1-495x400.jpg' class='lightbox ' data-onclick='5' title=''  itemprop=\"thumbnailUrl\" ><img  src='https:\/\/ia.com.tr\/wp-content\/uploads\/2019\/12\/SKMBT_28319122717391-1-212x300.jpg' width='212' height='300'  title='SKMBT_28319122717391-1' alt='' \/><\/a> <a href='https:\/\/ia.com.tr\/wp-content\/uploads\/2019\/12\/SKMBT_28319122717400-1-728x1030.jpg' data-rel='gallery-1' data-prev-img='https:\/\/ia.com.tr\/wp-content\/uploads\/2019\/12\/SKMBT_28319122717400-1-495x400.jpg' class='lightbox ' data-onclick='6' title=''  itemprop=\"thumbnailUrl\" ><img  src='https:\/\/ia.com.tr\/wp-content\/uploads\/2019\/12\/SKMBT_28319122717400-1-212x300.jpg' width='212' height='300'  title='SKMBT_28319122717400-1' alt='' \/><\/a><\/div><\/div>\n","protected":false},"excerpt":{"rendered":"","protected":false},"author":3,"featured_media":0,"parent":0,"menu_order":0,"comment_status":"closed","ping_status":"closed","template":"","meta":{"footnotes":""},"class_list":["post-2687","page","type-page","status-publish","hentry"],"yoast_head":"<!-- This site is optimized with the Yoast SEO plugin v25.3.1 - https:\/\/yoast.com\/wordpress\/plugins\/seo\/ -->\n<title>Hakk\u0131m\u0131zda | IA | Accounting | Payroll | Tax | Paralegal | Audit<\/title>\n<meta name=\"robots\" content=\"index, follow, max-snippet:-1, max-image-preview:large, max-video-preview:-1\" \/>\n<link rel=\"canonical\" href=\"https:\/\/ia.com.tr\/tr\/hakkimizda\/\" \/>\n<meta property=\"og:locale\" content=\"tr_TR\" \/>\n<meta property=\"og:type\" content=\"article\" \/>\n<meta property=\"og:title\" content=\"Hakk\u0131m\u0131zda | IA | Accounting | Payroll | Tax | Paralegal | Audit\" \/>\n<meta property=\"og:url\" content=\"https:\/\/ia.com.tr\/tr\/hakkimizda\/\" \/>\n<meta property=\"og:site_name\" content=\"IA | Accounting | Payroll | Tax | Paralegal | Audit\" \/>\n<meta property=\"article:publisher\" content=\"https:\/\/www.facebook.com\/IndependentAccountants\" \/>\n<meta name=\"twitter:card\" content=\"summary_large_image\" \/>\n<meta name=\"twitter:label1\" content=\"Tahmini okuma s\u00fcresi\" \/>\n\t<meta name=\"twitter:data1\" content=\"4 dakika\" \/>\n<script type=\"application\/ld+json\" class=\"yoast-schema-graph\">{\"@context\":\"https:\/\/schema.org\",\"@graph\":[{\"@type\":\"WebPage\",\"@id\":\"https:\/\/ia.com.tr\/tr\/hakkimizda\/\",\"url\":\"https:\/\/ia.com.tr\/tr\/hakkimizda\/\",\"name\":\"Hakk\u0131m\u0131zda | IA | Accounting | Payroll | Tax | Paralegal | Audit\",\"isPartOf\":{\"@id\":\"https:\/\/ia.com.tr\/#website\"},\"datePublished\":\"2020-11-12T09:58:32+00:00\",\"breadcrumb\":{\"@id\":\"https:\/\/ia.com.tr\/tr\/hakkimizda\/#breadcrumb\"},\"inLanguage\":\"tr\",\"potentialAction\":[{\"@type\":\"ReadAction\",\"target\":[\"https:\/\/ia.com.tr\/tr\/hakkimizda\/\"]}]},{\"@type\":\"BreadcrumbList\",\"@id\":\"https:\/\/ia.com.tr\/tr\/hakkimizda\/#breadcrumb\",\"itemListElement\":[{\"@type\":\"ListItem\",\"position\":1,\"name\":\"Home\",\"item\":\"https:\/\/ia.com.tr\/tr\/ana-sayfa\/\"},{\"@type\":\"ListItem\",\"position\":2,\"name\":\"Hakk\u0131m\u0131zda\"}]},{\"@type\":\"WebSite\",\"@id\":\"https:\/\/ia.com.tr\/#website\",\"url\":\"https:\/\/ia.com.tr\/\",\"name\":\"IA | Accounting | Payroll | Tax | Paralegal | Audit\",\"description\":\"\",\"publisher\":{\"@id\":\"https:\/\/ia.com.tr\/#organization\"},\"potentialAction\":[{\"@type\":\"SearchAction\",\"target\":{\"@type\":\"EntryPoint\",\"urlTemplate\":\"https:\/\/ia.com.tr\/?s={search_term_string}\"},\"query-input\":{\"@type\":\"PropertyValueSpecification\",\"valueRequired\":true,\"valueName\":\"search_term_string\"}}],\"inLanguage\":\"tr\"},{\"@type\":\"Organization\",\"@id\":\"https:\/\/ia.com.tr\/#organization\",\"name\":\"INDEPENDENT ACCOUNTANTS & ADVISORS\",\"url\":\"https:\/\/ia.com.tr\/\",\"logo\":{\"@type\":\"ImageObject\",\"inLanguage\":\"tr\",\"@id\":\"https:\/\/ia.com.tr\/#\/schema\/logo\/image\/\",\"url\":\"https:\/\/ia.com.tr\/wp-content\/uploads\/2019\/12\/isim_yok.jpg\",\"contentUrl\":\"https:\/\/ia.com.tr\/wp-content\/uploads\/2019\/12\/isim_yok.jpg\",\"width\":193,\"height\":193,\"caption\":\"INDEPENDENT ACCOUNTANTS & ADVISORS\"},\"image\":{\"@id\":\"https:\/\/ia.com.tr\/#\/schema\/logo\/image\/\"},\"sameAs\":[\"https:\/\/www.facebook.com\/IndependentAccountants\"]}]}<\/script>\n<!-- \/ Yoast SEO plugin. -->","yoast_head_json":{"title":"Hakk\u0131m\u0131zda | IA | Accounting | Payroll | Tax | Paralegal | Audit","robots":{"index":"index","follow":"follow","max-snippet":"max-snippet:-1","max-image-preview":"max-image-preview:large","max-video-preview":"max-video-preview:-1"},"canonical":"https:\/\/ia.com.tr\/tr\/hakkimizda\/","og_locale":"tr_TR","og_type":"article","og_title":"Hakk\u0131m\u0131zda | IA | Accounting | Payroll | Tax | Paralegal | Audit","og_url":"https:\/\/ia.com.tr\/tr\/hakkimizda\/","og_site_name":"IA | Accounting | Payroll | Tax | Paralegal | Audit","article_publisher":"https:\/\/www.facebook.com\/IndependentAccountants","twitter_card":"summary_large_image","twitter_misc":{"Tahmini okuma s\u00fcresi":"4 dakika"},"schema":{"@context":"https:\/\/schema.org","@graph":[{"@type":"WebPage","@id":"https:\/\/ia.com.tr\/tr\/hakkimizda\/","url":"https:\/\/ia.com.tr\/tr\/hakkimizda\/","name":"Hakk\u0131m\u0131zda | IA | Accounting | Payroll | Tax | Paralegal | Audit","isPartOf":{"@id":"https:\/\/ia.com.tr\/#website"},"datePublished":"2020-11-12T09:58:32+00:00","breadcrumb":{"@id":"https:\/\/ia.com.tr\/tr\/hakkimizda\/#breadcrumb"},"inLanguage":"tr","potentialAction":[{"@type":"ReadAction","target":["https:\/\/ia.com.tr\/tr\/hakkimizda\/"]}]},{"@type":"BreadcrumbList","@id":"https:\/\/ia.com.tr\/tr\/hakkimizda\/#breadcrumb","itemListElement":[{"@type":"ListItem","position":1,"name":"Home","item":"https:\/\/ia.com.tr\/tr\/ana-sayfa\/"},{"@type":"ListItem","position":2,"name":"Hakk\u0131m\u0131zda"}]},{"@type":"WebSite","@id":"https:\/\/ia.com.tr\/#website","url":"https:\/\/ia.com.tr\/","name":"IA | Accounting | Payroll | Tax | Paralegal | Audit","description":"","publisher":{"@id":"https:\/\/ia.com.tr\/#organization"},"potentialAction":[{"@type":"SearchAction","target":{"@type":"EntryPoint","urlTemplate":"https:\/\/ia.com.tr\/?s={search_term_string}"},"query-input":{"@type":"PropertyValueSpecification","valueRequired":true,"valueName":"search_term_string"}}],"inLanguage":"tr"},{"@type":"Organization","@id":"https:\/\/ia.com.tr\/#organization","name":"INDEPENDENT ACCOUNTANTS & ADVISORS","url":"https:\/\/ia.com.tr\/","logo":{"@type":"ImageObject","inLanguage":"tr","@id":"https:\/\/ia.com.tr\/#\/schema\/logo\/image\/","url":"https:\/\/ia.com.tr\/wp-content\/uploads\/2019\/12\/isim_yok.jpg","contentUrl":"https:\/\/ia.com.tr\/wp-content\/uploads\/2019\/12\/isim_yok.jpg","width":193,"height":193,"caption":"INDEPENDENT ACCOUNTANTS & ADVISORS"},"image":{"@id":"https:\/\/ia.com.tr\/#\/schema\/logo\/image\/"},"sameAs":["https:\/\/www.facebook.com\/IndependentAccountants"]}]}},"_links":{"self":[{"href":"https:\/\/ia.com.tr\/tr\/wp-json\/wp\/v2\/pages\/2687","targetHints":{"allow":["GET"]}}],"collection":[{"href":"https:\/\/ia.com.tr\/tr\/wp-json\/wp\/v2\/pages"}],"about":[{"href":"https:\/\/ia.com.tr\/tr\/wp-json\/wp\/v2\/types\/page"}],"author":[{"embeddable":true,"href":"https:\/\/ia.com.tr\/tr\/wp-json\/wp\/v2\/users\/3"}],"replies":[{"embeddable":true,"href":"https:\/\/ia.com.tr\/tr\/wp-json\/wp\/v2\/comments?post=2687"}],"version-history":[{"count":3,"href":"https:\/\/ia.com.tr\/tr\/wp-json\/wp\/v2\/pages\/2687\/revisions"}],"predecessor-version":[{"id":2690,"href":"https:\/\/ia.com.tr\/tr\/wp-json\/wp\/v2\/pages\/2687\/revisions\/2690"}],"wp:attachment":[{"href":"https:\/\/ia.com.tr\/tr\/wp-json\/wp\/v2\/media?parent=2687"}],"curies":[{"name":"wp","href":"https:\/\/api.w.org\/{rel}","templated":true}]}}