{"id":2694,"date":"2020-11-12T13:18:37","date_gmt":"2020-11-12T10:18:37","guid":{"rendered":"https:\/\/ia.com.tr\/?page_id=2694"},"modified":"2020-11-12T13:18:37","modified_gmt":"2020-11-12T10:18:37","slug":"sertifikalarimiz","status":"publish","type":"page","link":"https:\/\/ia.com.tr\/tr\/hakkimizda\/sertifikalarimiz\/","title":{"rendered":"Sertifikalar\u0131m\u0131z"},"content":{"rendered":"<section class=\"av_textblock_section \"  itemscope=\"itemscope\" itemtype=\"https:\/\/schema.org\/CreativeWork\" ><div class='avia_textblock  '   itemprop=\"text\" ><p><span class=\"VIiyi\" lang=\"tr\"><span class=\"JLqJ4b\" data-language-for-alternatives=\"tr\" data-language-to-translate-into=\"en\" data-phrase-index=\"0\">Her a\u015famada en y\u00fcksek kaliteyi hedefleyen firmam\u0131z, Alman Ulusal Akreditasyon Kurumu (DAKKS) taraf\u0131ndan yetkilendirilmi\u015f bir tefti\u015f firmas\u0131 taraf\u0131ndan yap\u0131lan denetim sonucunda elde edilen sertifikalar ile hizmet seviyesinin uygunlu\u011funu tescil ettirmi\u015ftir. <\/span><\/span><\/p>\n<p><span class=\"VIiyi\" lang=\"tr\"><span class=\"JLqJ4b\" data-language-for-alternatives=\"tr\" data-language-to-translate-into=\"en\" data-phrase-index=\"0\">Bu i\u00e7erikte uygulad\u0131\u011f\u0131m\u0131z;<\/span><\/span><\/p>\n<p><span class=\"VIiyi\" lang=\"tr\"><span class=\"JLqJ4b\" data-language-for-alternatives=\"tr\" data-language-to-translate-into=\"en\" data-phrase-index=\"0\"><strong> ISO 9001: 2015 Kalite Y\u00f6netim Sistemi<\/strong> ile kalitenin hizmet seviyesinde s\u00fcreklili\u011fini ve zaman \/ personel fakt\u00f6rlerinden etkilenmeden m\u00fc\u015fteri beklentilerini her zaman kar\u015f\u0131lamay\u0131 taahh\u00fct ediyoruz. <\/span><\/span><\/p>\n<p><span class=\"VIiyi\" lang=\"tr\"><span class=\"JLqJ4b\" data-language-for-alternatives=\"tr\" data-language-to-translate-into=\"en\" data-phrase-index=\"0\"><strong>ISO 27001: 2013 Bilgi G\u00fcvenli\u011fi Y\u00f6netim Sistemi<\/strong> ile m\u00fcvekkillerimize ait t\u00fcm \u00f6zel veya resmi bilgilerinin en uygun ko\u015fullarda tutulaca\u011f\u0131n\u0131 ve ilgisiz ki\u015fi veya kurumlarla asla payla\u015f\u0131lmayaca\u011f\u0131n\u0131 beyan ederiz. <\/span><\/span><\/p>\n<p><span class=\"VIiyi\" lang=\"tr\"><span class=\"JLqJ4b\" data-language-for-alternatives=\"tr\" data-language-to-translate-into=\"en\" data-phrase-index=\"0\"><strong>ISO 10002: 2014 M\u00fc\u015fteri Memnuniyeti Y\u00f6netim Sistemi<\/strong> ile verdi\u011fimiz hizmetin kalitesini devam ettirmek ve daha \u00fcst seviyelere \u00e7\u0131karmak i\u00e7in m\u00fc\u015fterilerimize rutin olmayan geri bildirimler almay\u0131 ve daha olumlu \u00e7\u0131kt\u0131lar sa\u011flamak i\u00e7in ortaya \u00e7\u0131kan verileri analiz etmeyi planl\u0131yoruz.<br \/>\n<\/span><\/span><\/p>\n<\/div><\/section>\n<div class=\"flex_column av_one_third  flex_column_div av-zero-column-padding first  avia-builder-el-1  el_after_av_textblock  el_before_av_one_third  column-top-margin\" style='border-radius:0px; '><p><div  style='padding-bottom:10px; ' class='av-special-heading av-special-heading-h3    avia-builder-el-2  el_before_av_gallery  avia-builder-el-first  '><h3 class='av-special-heading-tag '  itemprop=\"headline\"  >10002 &#8211; 2018<\/h3><div class='special-heading-border'><div class='special-heading-inner-border' ><\/div><\/div><\/div><br \/>\n<div  class='avia-gallery  avia-gallery-1 animations_off  avia_animate_when_visible  avia-builder-el-3  el_after_av_heading  avia-builder-el-last '  itemprop=\"image\" itemscope=\"itemscope\" itemtype=\"https:\/\/schema.org\/ImageObject\" ><div class='avia-gallery-thumb'> <a href='https:\/\/ia.com.tr\/wp-content\/uploads\/2019\/12\/SKMBT_28319122717390-1-728x1030.jpg' data-rel='gallery-1' data-prev-img='https:\/\/ia.com.tr\/wp-content\/uploads\/2019\/12\/SKMBT_28319122717390-1-495x400.jpg' class='first_thumb lightbox ' data-onclick='1' title=''  itemprop=\"thumbnailUrl\" ><img  src='https:\/\/ia.com.tr\/wp-content\/uploads\/2019\/12\/SKMBT_28319122717390-1-212x300.jpg' width='212' height='300'  title='SKMBT_28319122717390-1' alt='' \/><\/a> <a href='https:\/\/ia.com.tr\/wp-content\/uploads\/2019\/12\/SKMBT_28319122717391-1-728x1030.jpg' data-rel='gallery-1' data-prev-img='https:\/\/ia.com.tr\/wp-content\/uploads\/2019\/12\/SKMBT_28319122717391-1-495x400.jpg' class='lightbox ' data-onclick='2' title=''  itemprop=\"thumbnailUrl\" ><img  src='https:\/\/ia.com.tr\/wp-content\/uploads\/2019\/12\/SKMBT_28319122717391-1-212x300.jpg' width='212' height='300'  title='SKMBT_28319122717391-1' alt='' \/><\/a><\/div><\/div><\/p><\/div>\n<div class=\"flex_column av_one_third  flex_column_div av-zero-column-padding   avia-builder-el-4  el_after_av_one_third  el_before_av_one_third  column-top-margin\" style='border-radius:0px; '><p><div  style='padding-bottom:10px; ' class='av-special-heading av-special-heading-h3    avia-builder-el-5  el_before_av_gallery  avia-builder-el-first  '><h3 class='av-special-heading-tag '  itemprop=\"headline\"  >27001 &#8211; 2013<\/h3><div class='special-heading-border'><div class='special-heading-inner-border' ><\/div><\/div><\/div><br \/>\n<div  class='avia-gallery  avia-gallery-2 animations_off  avia_animate_when_visible  avia-builder-el-6  el_after_av_heading  avia-builder-el-last '  itemprop=\"image\" itemscope=\"itemscope\" itemtype=\"https:\/\/schema.org\/ImageObject\" ><div class='avia-gallery-thumb'> <a href='https:\/\/ia.com.tr\/wp-content\/uploads\/2019\/12\/SKMBT_28319122717400-1-728x1030.jpg' data-rel='gallery-2' data-prev-img='https:\/\/ia.com.tr\/wp-content\/uploads\/2019\/12\/SKMBT_28319122717400-1-495x400.jpg' class='first_thumb lightbox ' data-onclick='1' title=''  itemprop=\"thumbnailUrl\" ><img  src='https:\/\/ia.com.tr\/wp-content\/uploads\/2019\/12\/SKMBT_28319122717400-1-212x300.jpg' width='212' height='300'  title='SKMBT_28319122717400-1' alt='' \/><\/a> <a href='https:\/\/ia.com.tr\/wp-content\/uploads\/2019\/12\/SKMBT_28319122717401-1-728x1030.jpg' data-rel='gallery-2' data-prev-img='https:\/\/ia.com.tr\/wp-content\/uploads\/2019\/12\/SKMBT_28319122717401-1-495x400.jpg' class='lightbox ' data-onclick='2' title=''  itemprop=\"thumbnailUrl\" ><img  src='https:\/\/ia.com.tr\/wp-content\/uploads\/2019\/12\/SKMBT_28319122717401-1-212x300.jpg' width='212' height='300'  title='SKMBT_28319122717401-1' alt='' \/><\/a><\/div><\/div><\/p><\/div>\n<div class=\"flex_column av_one_third  flex_column_div av-zero-column-padding   avia-builder-el-7  el_after_av_one_third  avia-builder-el-last  column-top-margin\" style='border-radius:0px; '><p><div  style='padding-bottom:10px; ' class='av-special-heading av-special-heading-h3    avia-builder-el-8  el_before_av_gallery  avia-builder-el-first  '><h3 class='av-special-heading-tag '  itemprop=\"headline\"  >9001 &#8211; 2015<\/h3><div class='special-heading-border'><div class='special-heading-inner-border' ><\/div><\/div><\/div><br \/>\n<div  class='avia-gallery  avia-gallery-3 animations_off  avia_animate_when_visible  avia-builder-el-9  el_after_av_heading  avia-builder-el-last '  itemprop=\"image\" itemscope=\"itemscope\" itemtype=\"https:\/\/schema.org\/ImageObject\" ><div class='avia-gallery-thumb'> <a href='https:\/\/ia.com.tr\/wp-content\/uploads\/2019\/12\/SKMBT_28319122717402-1-728x1030.jpg' data-rel='gallery-3' data-prev-img='https:\/\/ia.com.tr\/wp-content\/uploads\/2019\/12\/SKMBT_28319122717402-1-495x400.jpg' class='first_thumb lightbox ' data-onclick='1' title=''  itemprop=\"thumbnailUrl\" ><img  src='https:\/\/ia.com.tr\/wp-content\/uploads\/2019\/12\/SKMBT_28319122717402-1-212x300.jpg' width='212' height='300'  title='SKMBT_28319122717402-1' alt='' \/><\/a> <a href='https:\/\/ia.com.tr\/wp-content\/uploads\/2019\/12\/SKMBT_28319122717403-1-728x1030.jpg' data-rel='gallery-3' data-prev-img='https:\/\/ia.com.tr\/wp-content\/uploads\/2019\/12\/SKMBT_28319122717403-1-495x400.jpg' class='lightbox ' data-onclick='2' title=''  itemprop=\"thumbnailUrl\" ><img  src='https:\/\/ia.com.tr\/wp-content\/uploads\/2019\/12\/SKMBT_28319122717403-1-212x300.jpg' width='212' height='300'  title='SKMBT_28319122717403-1' alt='' \/><\/a><\/div><\/div><\/p><\/div>\n","protected":false},"excerpt":{"rendered":"","protected":false},"author":3,"featured_media":0,"parent":2687,"menu_order":0,"comment_status":"closed","ping_status":"closed","template":"","meta":{"footnotes":""},"class_list":["post-2694","page","type-page","status-publish","hentry"],"yoast_head":"<!-- This site is optimized with the Yoast SEO plugin v25.3.1 - https:\/\/yoast.com\/wordpress\/plugins\/seo\/ -->\n<title>Sertifikalar\u0131m\u0131z | IA | Accounting | Payroll | Tax | Paralegal | Audit<\/title>\n<meta name=\"robots\" content=\"index, follow, max-snippet:-1, max-image-preview:large, max-video-preview:-1\" \/>\n<link rel=\"canonical\" href=\"https:\/\/ia.com.tr\/tr\/hakkimizda\/sertifikalarimiz\/\" \/>\n<meta property=\"og:locale\" content=\"tr_TR\" \/>\n<meta property=\"og:type\" content=\"article\" \/>\n<meta property=\"og:title\" content=\"Sertifikalar\u0131m\u0131z | IA | Accounting | Payroll | Tax | Paralegal | Audit\" \/>\n<meta property=\"og:url\" content=\"https:\/\/ia.com.tr\/tr\/hakkimizda\/sertifikalarimiz\/\" \/>\n<meta property=\"og:site_name\" content=\"IA | Accounting | Payroll | Tax | Paralegal | Audit\" \/>\n<meta property=\"article:publisher\" content=\"https:\/\/www.facebook.com\/IndependentAccountants\" \/>\n<meta name=\"twitter:card\" content=\"summary_large_image\" \/>\n<meta name=\"twitter:label1\" content=\"Tahmini okuma s\u00fcresi\" \/>\n\t<meta name=\"twitter:data1\" content=\"4 dakika\" \/>\n<script type=\"application\/ld+json\" class=\"yoast-schema-graph\">{\"@context\":\"https:\/\/schema.org\",\"@graph\":[{\"@type\":\"WebPage\",\"@id\":\"https:\/\/ia.com.tr\/tr\/hakkimizda\/sertifikalarimiz\/\",\"url\":\"https:\/\/ia.com.tr\/tr\/hakkimizda\/sertifikalarimiz\/\",\"name\":\"Sertifikalar\u0131m\u0131z | IA | Accounting | Payroll | Tax | Paralegal | Audit\",\"isPartOf\":{\"@id\":\"https:\/\/ia.com.tr\/#website\"},\"datePublished\":\"2020-11-12T10:18:37+00:00\",\"breadcrumb\":{\"@id\":\"https:\/\/ia.com.tr\/tr\/hakkimizda\/sertifikalarimiz\/#breadcrumb\"},\"inLanguage\":\"tr\",\"potentialAction\":[{\"@type\":\"ReadAction\",\"target\":[\"https:\/\/ia.com.tr\/tr\/hakkimizda\/sertifikalarimiz\/\"]}]},{\"@type\":\"BreadcrumbList\",\"@id\":\"https:\/\/ia.com.tr\/tr\/hakkimizda\/sertifikalarimiz\/#breadcrumb\",\"itemListElement\":[{\"@type\":\"ListItem\",\"position\":1,\"name\":\"Home\",\"item\":\"https:\/\/ia.com.tr\/tr\/ana-sayfa\/\"},{\"@type\":\"ListItem\",\"position\":2,\"name\":\"Hakk\u0131m\u0131zda\",\"item\":\"https:\/\/ia.com.tr\/tr\/hakkimizda\/\"},{\"@type\":\"ListItem\",\"position\":3,\"name\":\"Sertifikalar\u0131m\u0131z\"}]},{\"@type\":\"WebSite\",\"@id\":\"https:\/\/ia.com.tr\/#website\",\"url\":\"https:\/\/ia.com.tr\/\",\"name\":\"IA | Accounting | Payroll | Tax | Paralegal | Audit\",\"description\":\"\",\"publisher\":{\"@id\":\"https:\/\/ia.com.tr\/#organization\"},\"potentialAction\":[{\"@type\":\"SearchAction\",\"target\":{\"@type\":\"EntryPoint\",\"urlTemplate\":\"https:\/\/ia.com.tr\/?s={search_term_string}\"},\"query-input\":{\"@type\":\"PropertyValueSpecification\",\"valueRequired\":true,\"valueName\":\"search_term_string\"}}],\"inLanguage\":\"tr\"},{\"@type\":\"Organization\",\"@id\":\"https:\/\/ia.com.tr\/#organization\",\"name\":\"INDEPENDENT ACCOUNTANTS & ADVISORS\",\"url\":\"https:\/\/ia.com.tr\/\",\"logo\":{\"@type\":\"ImageObject\",\"inLanguage\":\"tr\",\"@id\":\"https:\/\/ia.com.tr\/#\/schema\/logo\/image\/\",\"url\":\"https:\/\/ia.com.tr\/wp-content\/uploads\/2019\/12\/isim_yok.jpg\",\"contentUrl\":\"https:\/\/ia.com.tr\/wp-content\/uploads\/2019\/12\/isim_yok.jpg\",\"width\":193,\"height\":193,\"caption\":\"INDEPENDENT ACCOUNTANTS & ADVISORS\"},\"image\":{\"@id\":\"https:\/\/ia.com.tr\/#\/schema\/logo\/image\/\"},\"sameAs\":[\"https:\/\/www.facebook.com\/IndependentAccountants\"]}]}<\/script>\n<!-- \/ Yoast SEO plugin. -->","yoast_head_json":{"title":"Sertifikalar\u0131m\u0131z | IA | Accounting | Payroll | Tax | Paralegal | Audit","robots":{"index":"index","follow":"follow","max-snippet":"max-snippet:-1","max-image-preview":"max-image-preview:large","max-video-preview":"max-video-preview:-1"},"canonical":"https:\/\/ia.com.tr\/tr\/hakkimizda\/sertifikalarimiz\/","og_locale":"tr_TR","og_type":"article","og_title":"Sertifikalar\u0131m\u0131z | IA | Accounting | Payroll | Tax | Paralegal | Audit","og_url":"https:\/\/ia.com.tr\/tr\/hakkimizda\/sertifikalarimiz\/","og_site_name":"IA | Accounting | Payroll | Tax | Paralegal | Audit","article_publisher":"https:\/\/www.facebook.com\/IndependentAccountants","twitter_card":"summary_large_image","twitter_misc":{"Tahmini okuma s\u00fcresi":"4 dakika"},"schema":{"@context":"https:\/\/schema.org","@graph":[{"@type":"WebPage","@id":"https:\/\/ia.com.tr\/tr\/hakkimizda\/sertifikalarimiz\/","url":"https:\/\/ia.com.tr\/tr\/hakkimizda\/sertifikalarimiz\/","name":"Sertifikalar\u0131m\u0131z | IA | Accounting | Payroll | Tax | Paralegal | Audit","isPartOf":{"@id":"https:\/\/ia.com.tr\/#website"},"datePublished":"2020-11-12T10:18:37+00:00","breadcrumb":{"@id":"https:\/\/ia.com.tr\/tr\/hakkimizda\/sertifikalarimiz\/#breadcrumb"},"inLanguage":"tr","potentialAction":[{"@type":"ReadAction","target":["https:\/\/ia.com.tr\/tr\/hakkimizda\/sertifikalarimiz\/"]}]},{"@type":"BreadcrumbList","@id":"https:\/\/ia.com.tr\/tr\/hakkimizda\/sertifikalarimiz\/#breadcrumb","itemListElement":[{"@type":"ListItem","position":1,"name":"Home","item":"https:\/\/ia.com.tr\/tr\/ana-sayfa\/"},{"@type":"ListItem","position":2,"name":"Hakk\u0131m\u0131zda","item":"https:\/\/ia.com.tr\/tr\/hakkimizda\/"},{"@type":"ListItem","position":3,"name":"Sertifikalar\u0131m\u0131z"}]},{"@type":"WebSite","@id":"https:\/\/ia.com.tr\/#website","url":"https:\/\/ia.com.tr\/","name":"IA | Accounting | Payroll | Tax | Paralegal | Audit","description":"","publisher":{"@id":"https:\/\/ia.com.tr\/#organization"},"potentialAction":[{"@type":"SearchAction","target":{"@type":"EntryPoint","urlTemplate":"https:\/\/ia.com.tr\/?s={search_term_string}"},"query-input":{"@type":"PropertyValueSpecification","valueRequired":true,"valueName":"search_term_string"}}],"inLanguage":"tr"},{"@type":"Organization","@id":"https:\/\/ia.com.tr\/#organization","name":"INDEPENDENT ACCOUNTANTS & ADVISORS","url":"https:\/\/ia.com.tr\/","logo":{"@type":"ImageObject","inLanguage":"tr","@id":"https:\/\/ia.com.tr\/#\/schema\/logo\/image\/","url":"https:\/\/ia.com.tr\/wp-content\/uploads\/2019\/12\/isim_yok.jpg","contentUrl":"https:\/\/ia.com.tr\/wp-content\/uploads\/2019\/12\/isim_yok.jpg","width":193,"height":193,"caption":"INDEPENDENT ACCOUNTANTS & ADVISORS"},"image":{"@id":"https:\/\/ia.com.tr\/#\/schema\/logo\/image\/"},"sameAs":["https:\/\/www.facebook.com\/IndependentAccountants"]}]}},"_links":{"self":[{"href":"https:\/\/ia.com.tr\/tr\/wp-json\/wp\/v2\/pages\/2694","targetHints":{"allow":["GET"]}}],"collection":[{"href":"https:\/\/ia.com.tr\/tr\/wp-json\/wp\/v2\/pages"}],"about":[{"href":"https:\/\/ia.com.tr\/tr\/wp-json\/wp\/v2\/types\/page"}],"author":[{"embeddable":true,"href":"https:\/\/ia.com.tr\/tr\/wp-json\/wp\/v2\/users\/3"}],"replies":[{"embeddable":true,"href":"https:\/\/ia.com.tr\/tr\/wp-json\/wp\/v2\/comments?post=2694"}],"version-history":[{"count":3,"href":"https:\/\/ia.com.tr\/tr\/wp-json\/wp\/v2\/pages\/2694\/revisions"}],"predecessor-version":[{"id":2697,"href":"https:\/\/ia.com.tr\/tr\/wp-json\/wp\/v2\/pages\/2694\/revisions\/2697"}],"up":[{"embeddable":true,"href":"https:\/\/ia.com.tr\/tr\/wp-json\/wp\/v2\/pages\/2687"}],"wp:attachment":[{"href":"https:\/\/ia.com.tr\/tr\/wp-json\/wp\/v2\/media?parent=2694"}],"curies":[{"name":"wp","href":"https:\/\/api.w.org\/{rel}","templated":true}]}}