{"id":2698,"date":"2020-11-12T13:39:12","date_gmt":"2020-11-12T10:39:12","guid":{"rendered":"https:\/\/ia.com.tr\/?page_id=2698"},"modified":"2020-11-12T13:39:12","modified_gmt":"2020-11-12T10:39:12","slug":"kariyer","status":"publish","type":"page","link":"https:\/\/ia.com.tr\/tr\/kariyer\/","title":{"rendered":"Kariyer"},"content":{"rendered":"<div id='av_section_1'  class='avia-section main_color avia-section-default avia-no-border-styling avia-bg-style-scroll  avia-builder-el-0  avia-builder-el-no-sibling   container_wrap sidebar_right' style=' '  ><div class='container' ><main  role=\"main\" itemprop=\"mainContentOfPage\"  class='template-page content  av-content-small alpha units'><div class='post-entry post-entry-type-page post-entry-2698'><div class='entry-content-wrapper clearfix'>\n<section class=\"av_textblock_section \"  itemscope=\"itemscope\" itemtype=\"https:\/\/schema.org\/CreativeWork\" ><div class='avia_textblock  '   itemprop=\"text\" ><p>Ancak \u00e7al\u0131\u015fanlar\u0131m\u0131z en iyiyse elimizden gelenin en iyisini yapabilece\u011fimize inan\u0131yoruz. \u00c7al\u0131\u015fanlar\u0131m\u0131z ba\u015far\u0131l\u0131 oldu\u011funda ba\u015far\u0131l\u0131 olabilece\u011fimizi biliyoruz. Nitelikli ve e\u011fitimli \u00e7al\u0131\u015fanlar\u0131m\u0131z kadar m\u00fc\u015fterilerimize de kaliteli hizmet verebilece\u011fimizi deneyimledik. Nitelikli \u00e7al\u0131\u015fanlar\u0131m\u0131zla &#8220;HER ADIMDA EN Y\u00dcKSEK KAL\u0130TE&#8221; slogan\u0131m\u0131z\u0131 koruyabilece\u011fimize inan\u0131yoruz.<\/p>\n<p>Siz de bizimle ayn\u0131 fikirdeyseniz ve ekibimize kat\u0131lmak istiyorsan\u0131z, l\u00fctfen CV&#8217;nizi bizlere ula\u015ft\u0131r\u0131n.<\/p>\n<\/div><\/section>\n<div  class='avia-buttonrow-wrap avia-buttonrow-left  av-medium-hide av-small-hide av-mini-hide  avia-builder-el-2  el_after_av_textblock  el_before_av_buttonrow '>\n<a href='mailto:oznur.ozturk@ia.com.tr?subject=Profesyonel \u0130\u015f Ba\u015fvurusu - CV'  class='avia-button  avia-icon_select-no avia-color-theme-color-subtle avia-size-large '  style='margin-bottom:5px; margin-right:5px; ' ><span class='avia_iconbox_title' >\u0130\u015f Ba\u015fvurusu<\/span><\/a>\n<a href='mailto:oznur.ozturk@ia.com.tr?subject=Stajyer \u0130\u015f Ba\u015fvurusu - CV'  class='avia-button  avia-icon_select-no avia-color-theme-color-subtle avia-size-large '  style='margin-bottom:5px; margin-right:5px; ' ><span class='avia_iconbox_title' >Staj Ba\u015fvurusu<\/span><\/a>\n<\/div>\n<div  class='avia-buttonrow-wrap avia-buttonrow-left  av-desktop-hide  avia-builder-el-3  el_after_av_buttonrow  avia-builder-el-last '>\n<a href='mailto:oznur.ozturk@ia.com.tr?subject=Profesyonel \u0130\u015f Ba\u015fvurusu - CV'  class='avia-button  avia-icon_select-no avia-color-theme-color-subtle avia-size-medium '  style='margin-bottom:5px; margin-right:5px; ' ><span class='avia_iconbox_title' >To work as professional<\/span><\/a>\n<a href='mailto:oznur.ozturk@ia.com.tr?subject=Stajyer \u0130\u015f Ba\u015fvurusu - CV'  class='avia-button  avia-icon_select-no avia-color-theme-color-subtle avia-size-medium '  style='margin-bottom:5px; margin-right:5px; ' ><span class='avia_iconbox_title' >To work as intern<\/span><\/a>\n<\/div>\n<\/div><\/div><\/main><!-- close content main element --><\/div><\/div><div id='after_section_1'  class='main_color av_default_container_wrap container_wrap sidebar_right' style=' '  ><div class='container' ><div class='template-page content  av-content-small alpha units'><div class='post-entry post-entry-type-page post-entry-2698'><div class='entry-content-wrapper clearfix'>\n","protected":false},"excerpt":{"rendered":"","protected":false},"author":3,"featured_media":0,"parent":0,"menu_order":0,"comment_status":"closed","ping_status":"closed","template":"","meta":{"footnotes":""},"class_list":["post-2698","page","type-page","status-publish","hentry"],"yoast_head":"<!-- This site is optimized with the Yoast SEO plugin v25.3.1 - https:\/\/yoast.com\/wordpress\/plugins\/seo\/ -->\n<title>Kariyer | IA | Accounting | Payroll | Tax | Paralegal | Audit<\/title>\n<meta name=\"robots\" content=\"index, follow, max-snippet:-1, max-image-preview:large, max-video-preview:-1\" \/>\n<link rel=\"canonical\" href=\"https:\/\/ia.com.tr\/tr\/kariyer\/\" \/>\n<meta property=\"og:locale\" content=\"tr_TR\" \/>\n<meta property=\"og:type\" content=\"article\" \/>\n<meta property=\"og:title\" content=\"Kariyer | IA | Accounting | Payroll | Tax | Paralegal | Audit\" \/>\n<meta property=\"og:url\" content=\"https:\/\/ia.com.tr\/tr\/kariyer\/\" \/>\n<meta property=\"og:site_name\" content=\"IA | Accounting | Payroll | Tax | Paralegal | Audit\" \/>\n<meta property=\"article:publisher\" content=\"https:\/\/www.facebook.com\/IndependentAccountants\" \/>\n<meta name=\"twitter:card\" content=\"summary_large_image\" \/>\n<meta name=\"twitter:label1\" content=\"Tahmini okuma s\u00fcresi\" \/>\n\t<meta name=\"twitter:data1\" content=\"3 dakika\" \/>\n<script type=\"application\/ld+json\" class=\"yoast-schema-graph\">{\"@context\":\"https:\/\/schema.org\",\"@graph\":[{\"@type\":\"WebPage\",\"@id\":\"https:\/\/ia.com.tr\/tr\/kariyer\/\",\"url\":\"https:\/\/ia.com.tr\/tr\/kariyer\/\",\"name\":\"Kariyer | IA | Accounting | Payroll | Tax | Paralegal | Audit\",\"isPartOf\":{\"@id\":\"https:\/\/ia.com.tr\/#website\"},\"datePublished\":\"2020-11-12T10:39:12+00:00\",\"breadcrumb\":{\"@id\":\"https:\/\/ia.com.tr\/tr\/kariyer\/#breadcrumb\"},\"inLanguage\":\"tr\",\"potentialAction\":[{\"@type\":\"ReadAction\",\"target\":[\"https:\/\/ia.com.tr\/tr\/kariyer\/\"]}]},{\"@type\":\"BreadcrumbList\",\"@id\":\"https:\/\/ia.com.tr\/tr\/kariyer\/#breadcrumb\",\"itemListElement\":[{\"@type\":\"ListItem\",\"position\":1,\"name\":\"Home\",\"item\":\"https:\/\/ia.com.tr\/tr\/ana-sayfa\/\"},{\"@type\":\"ListItem\",\"position\":2,\"name\":\"Kariyer\"}]},{\"@type\":\"WebSite\",\"@id\":\"https:\/\/ia.com.tr\/#website\",\"url\":\"https:\/\/ia.com.tr\/\",\"name\":\"IA | Accounting | Payroll | Tax | Paralegal | Audit\",\"description\":\"\",\"publisher\":{\"@id\":\"https:\/\/ia.com.tr\/#organization\"},\"potentialAction\":[{\"@type\":\"SearchAction\",\"target\":{\"@type\":\"EntryPoint\",\"urlTemplate\":\"https:\/\/ia.com.tr\/?s={search_term_string}\"},\"query-input\":{\"@type\":\"PropertyValueSpecification\",\"valueRequired\":true,\"valueName\":\"search_term_string\"}}],\"inLanguage\":\"tr\"},{\"@type\":\"Organization\",\"@id\":\"https:\/\/ia.com.tr\/#organization\",\"name\":\"INDEPENDENT ACCOUNTANTS & ADVISORS\",\"url\":\"https:\/\/ia.com.tr\/\",\"logo\":{\"@type\":\"ImageObject\",\"inLanguage\":\"tr\",\"@id\":\"https:\/\/ia.com.tr\/#\/schema\/logo\/image\/\",\"url\":\"https:\/\/ia.com.tr\/wp-content\/uploads\/2019\/12\/isim_yok.jpg\",\"contentUrl\":\"https:\/\/ia.com.tr\/wp-content\/uploads\/2019\/12\/isim_yok.jpg\",\"width\":193,\"height\":193,\"caption\":\"INDEPENDENT ACCOUNTANTS & ADVISORS\"},\"image\":{\"@id\":\"https:\/\/ia.com.tr\/#\/schema\/logo\/image\/\"},\"sameAs\":[\"https:\/\/www.facebook.com\/IndependentAccountants\"]}]}<\/script>\n<!-- \/ Yoast SEO plugin. -->","yoast_head_json":{"title":"Kariyer | IA | Accounting | Payroll | Tax | Paralegal | Audit","robots":{"index":"index","follow":"follow","max-snippet":"max-snippet:-1","max-image-preview":"max-image-preview:large","max-video-preview":"max-video-preview:-1"},"canonical":"https:\/\/ia.com.tr\/tr\/kariyer\/","og_locale":"tr_TR","og_type":"article","og_title":"Kariyer | IA | Accounting | Payroll | Tax | Paralegal | Audit","og_url":"https:\/\/ia.com.tr\/tr\/kariyer\/","og_site_name":"IA | Accounting | Payroll | Tax | Paralegal | Audit","article_publisher":"https:\/\/www.facebook.com\/IndependentAccountants","twitter_card":"summary_large_image","twitter_misc":{"Tahmini okuma s\u00fcresi":"3 dakika"},"schema":{"@context":"https:\/\/schema.org","@graph":[{"@type":"WebPage","@id":"https:\/\/ia.com.tr\/tr\/kariyer\/","url":"https:\/\/ia.com.tr\/tr\/kariyer\/","name":"Kariyer | IA | Accounting | Payroll | Tax | Paralegal | Audit","isPartOf":{"@id":"https:\/\/ia.com.tr\/#website"},"datePublished":"2020-11-12T10:39:12+00:00","breadcrumb":{"@id":"https:\/\/ia.com.tr\/tr\/kariyer\/#breadcrumb"},"inLanguage":"tr","potentialAction":[{"@type":"ReadAction","target":["https:\/\/ia.com.tr\/tr\/kariyer\/"]}]},{"@type":"BreadcrumbList","@id":"https:\/\/ia.com.tr\/tr\/kariyer\/#breadcrumb","itemListElement":[{"@type":"ListItem","position":1,"name":"Home","item":"https:\/\/ia.com.tr\/tr\/ana-sayfa\/"},{"@type":"ListItem","position":2,"name":"Kariyer"}]},{"@type":"WebSite","@id":"https:\/\/ia.com.tr\/#website","url":"https:\/\/ia.com.tr\/","name":"IA | Accounting | Payroll | Tax | Paralegal | Audit","description":"","publisher":{"@id":"https:\/\/ia.com.tr\/#organization"},"potentialAction":[{"@type":"SearchAction","target":{"@type":"EntryPoint","urlTemplate":"https:\/\/ia.com.tr\/?s={search_term_string}"},"query-input":{"@type":"PropertyValueSpecification","valueRequired":true,"valueName":"search_term_string"}}],"inLanguage":"tr"},{"@type":"Organization","@id":"https:\/\/ia.com.tr\/#organization","name":"INDEPENDENT ACCOUNTANTS & ADVISORS","url":"https:\/\/ia.com.tr\/","logo":{"@type":"ImageObject","inLanguage":"tr","@id":"https:\/\/ia.com.tr\/#\/schema\/logo\/image\/","url":"https:\/\/ia.com.tr\/wp-content\/uploads\/2019\/12\/isim_yok.jpg","contentUrl":"https:\/\/ia.com.tr\/wp-content\/uploads\/2019\/12\/isim_yok.jpg","width":193,"height":193,"caption":"INDEPENDENT ACCOUNTANTS & ADVISORS"},"image":{"@id":"https:\/\/ia.com.tr\/#\/schema\/logo\/image\/"},"sameAs":["https:\/\/www.facebook.com\/IndependentAccountants"]}]}},"_links":{"self":[{"href":"https:\/\/ia.com.tr\/tr\/wp-json\/wp\/v2\/pages\/2698","targetHints":{"allow":["GET"]}}],"collection":[{"href":"https:\/\/ia.com.tr\/tr\/wp-json\/wp\/v2\/pages"}],"about":[{"href":"https:\/\/ia.com.tr\/tr\/wp-json\/wp\/v2\/types\/page"}],"author":[{"embeddable":true,"href":"https:\/\/ia.com.tr\/tr\/wp-json\/wp\/v2\/users\/3"}],"replies":[{"embeddable":true,"href":"https:\/\/ia.com.tr\/tr\/wp-json\/wp\/v2\/comments?post=2698"}],"version-history":[{"count":3,"href":"https:\/\/ia.com.tr\/tr\/wp-json\/wp\/v2\/pages\/2698\/revisions"}],"predecessor-version":[{"id":2701,"href":"https:\/\/ia.com.tr\/tr\/wp-json\/wp\/v2\/pages\/2698\/revisions\/2701"}],"wp:attachment":[{"href":"https:\/\/ia.com.tr\/tr\/wp-json\/wp\/v2\/media?parent=2698"}],"curies":[{"name":"wp","href":"https:\/\/api.w.org\/{rel}","templated":true}]}}