{"id":2712,"date":"2020-11-12T23:08:01","date_gmt":"2020-11-12T20:08:01","guid":{"rendered":"https:\/\/ia.com.tr\/?page_id=2712"},"modified":"2021-01-15T13:16:57","modified_gmt":"2021-01-15T10:16:57","slug":"muhasebe","status":"publish","type":"page","link":"https:\/\/ia.com.tr\/tr\/muhasebe\/","title":{"rendered":"Muhasebe"},"content":{"rendered":"<section class=\"av_textblock_section \"  itemscope=\"itemscope\" itemtype=\"https:\/\/schema.org\/CreativeWork\" ><div class='avia_textblock  '   itemprop=\"text\" ><p>IA, T\u00fcrk Muhasebe Sistemi ve yasal mevzuatlara uygun olarak m\u00fc\u015fterilerine muhasebe hizmetleri vermektedir. Tutulmas\u0131 gereken yasal defter ve kay\u0131tlar, belge d\u00fczeni, verilmesi gereken beyanname ve bildirgeler ile mali tablolar \u015firketimiz taraf\u0131ndan haz\u0131rlanmaktad\u0131r.<\/p>\n<p>IA olarak, muhasebe hizmetleri kapsam\u0131nda, E-Fatura, E-ar\u015fiv, E-Defter ve di\u011fer elektronik belge d\u00fczeni ile m\u00fc\u015fterilerimizin ihtiya\u00e7 duydu\u011fu, y\u00f6netim ve finansal raporlama ihtiya\u00e7lar\u0131n\u0131 kar\u015f\u0131layacak \u015fekilde muhasebe sistemi altyap\u0131s\u0131 m\u00fc\u015fteriye \u00f6zel tasarlanmakta ve yasal muhasebe, y\u00f6netim muhasebesi, TMS bazl\u0131 her t\u00fcrl\u00fc muhasebe hizmeti ayn\u0131 zamanda verilebilmektedir.<\/p>\n<p>Muhasebe hizmetlerimiz m\u00fc\u015fterilerimizin ihtiya\u00e7lar\u0131na g\u00f6re, m\u00fc\u015fteri ofisinden veya ofisimizden verilmektedir. Ayr\u0131ca ihtiyac\u0131 olan m\u00fc\u015fterilerimize ofislerinde tam zamanl\u0131 muhasebe personeli g\u00f6revlendirilmektedir.<\/p>\n<p>Muhasebe hizmetlerimiz kapsam\u0131nda T\u00fcrk vergi ve di\u011fer yasal mevzuatlar \u00e7er\u00e7evesinde m\u00fc\u015fterilerimizin vermesi gereken t\u00fcm ayl\u0131k, \u00fc\u00e7er ayl\u0131k ve y\u0131ll\u0131k vergi, SSK ve di\u011fer bildirgelerin muhasebe kay\u0131tlar\u0131na uygun olarak haz\u0131rlan\u0131p ve g\u00f6nderilmektedir.<\/p>\n<p>Beyanname ve bildirgeler e\u015fli\u011finde talep edilen mali tablolar, Formlar ve tablolar\u0131n haz\u0131rlanmas\u0131 da bu hizmetimizin kapsam\u0131ndad\u0131r.<\/p>\n<p>M\u00fc\u015fteri i\u015f ak\u0131\u015f s\u00fcre\u00e7lerinin incelenip, m\u00fc\u015fteri s\u00fcre\u00e7 analizinin yap\u0131larak muhasebeye belge ak\u0131\u015f d\u00fczeninin olu\u015fturulmas\u0131 ve dosyalama yerlerinin belirlenmesi dan\u0131\u015fmanl\u0131k hizmetleri muhasebe hizmetlerimizin kapsam\u0131ndad\u0131r.<\/p>\n<\/div><\/section>\n<\/div><\/div><\/div><!-- close content main div --><\/div><\/div><div id='bookkeepingservices'  class='avia-section main_color avia-section-default avia-no-border-styling avia-bg-style-scroll  avia-builder-el-1  el_after_av_textblock  el_before_av_section   container_wrap sidebar_right' style=' '  ><div class='container' ><div class='template-page content  av-content-small alpha units'><div class='post-entry post-entry-type-page post-entry-2712'><div class='entry-content-wrapper clearfix'>\n<section class=\"av_textblock_section \"  itemscope=\"itemscope\" itemtype=\"https:\/\/schema.org\/CreativeWork\" ><div class='avia_textblock  '   itemprop=\"text\" ><ul>\n<li><a href=\"#bookkeepingservices\"><strong>Bordro Hizmetleri<\/strong><\/a><\/li>\n<li><a href=\"#taxreturnservices\"><b>Vergi Hizmetleri<\/b><\/a><\/li>\n<li><a href=\"#reportingservices\"><strong>Finansal Raporlama<\/strong><\/a><\/li>\n<\/ul>\n<\/div><\/section>\n<section class=\"av_textblock_section \"  itemscope=\"itemscope\" itemtype=\"https:\/\/schema.org\/CreativeWork\" ><div class='avia_textblock  '   itemprop=\"text\" ><p><strong>Bordro Hizmetleri<br \/>\n<\/strong><\/p>\n<p>IA, T\u00fcrk vergi, i\u015f ve sosyal g\u00fcvenlik hukuku mevzuat\u0131na uygun olarak m\u00fc\u015fterilerine bordro hizmetleri sunmaktad\u0131r. Bu hizmetler kapsam\u0131nda, Bordro icmali ve Personel \u00dccret Pusulalar\u0131 haz\u0131rlanmakta ve m\u00fc\u015fteri onay\u0131n\u0131 takiben Banka \u00f6deme talimatlar\u0131 kesinle\u015ftirilmektedir. \u00dccretlerle ilgili Muhtasar, SSK (MUHSGK) ve di\u011fer kurum beyanname ve bildirgeleri ayr\u0131ca haz\u0131rlanmaktad\u0131r.<\/p>\n<p>Bordro hizmetinden muhasebe m\u00fc\u015fterilerimizin yan\u0131nda, maa\u015f bilgilerinin gizlili\u011fine \u00f6nem veren, \u00dccret pusulalar\u0131n\u0131n do\u011frudan personel adresine g\u00f6nderilmesini arzu eden m\u00fc\u015fterilerimiz sembolik \u00fccretlerle ayr\u0131ca yararlanmaktad\u0131rlar.<\/p>\n<p>Bordro hizmetimiz kapsam\u0131nda d\u00f6viz bazl\u0131, d\u00f6vizli ve yabanc\u0131 dillerle bordro, \u00fccret pusulas\u0131 haz\u0131rlanabilmektedir.<\/p>\n<p>K\u0131dem ve ihbar tazminat\u0131 hesaplamalar\u0131, personel i\u015fe giri\u015f ve \u00e7\u0131k\u0131\u015fta gerekli olan evrak ve dok\u00fcmantasyon deste\u011fi ayr\u0131ca sa\u011flanmaktad\u0131r.<\/p>\n<p>Talep eden m\u00fc\u015fterilerimize masraf merkezi, kar merkezi, proje bazl\u0131 ayr\u0131nt\u0131l\u0131 bordro raporlar\u0131 sunulmaktad\u0131r.<\/p>\n<\/div><\/section>\n\n<\/div><\/div><\/div><!-- close content main div --><\/div><\/div><div id='taxreturnservices'  class='avia-section main_color avia-section-no-padding avia-no-border-styling avia-bg-style-scroll  avia-builder-el-4  el_after_av_section  el_before_av_section   container_wrap sidebar_right' style=' '  ><div class='container' ><div class='template-page content  av-content-small alpha units'><div class='post-entry post-entry-type-page post-entry-2712'><div class='entry-content-wrapper clearfix'>\n<section class=\"av_textblock_section \"  itemscope=\"itemscope\" itemtype=\"https:\/\/schema.org\/CreativeWork\" ><div class='avia_textblock  '   itemprop=\"text\" ><p><strong>Vergi Hizmetleri<br \/>\n<\/strong><\/p>\n<p>IA, yabanc\u0131 sermayeli kurumlara, Ticaret Hukuku, Vergi Hukuku ve Vergi Anla\u015fmalar\u0131 \u00e7er\u00e7evesinde, \u015firket kurulu\u015f s\u00fcrecinden, sat\u0131\u015f ve tasfiye s\u00fcrecine kadar vergi ve hukuki dan\u0131\u015fmanl\u0131k hizmetleri vermektedir.<\/p>\n<p>IA olarak bu konudaki art\u0131m\u0131z, m\u00fc\u015fterilerimizin faaliyetlerini \u00e7ok yak\u0131ndan tan\u0131yor olmam\u0131zd\u0131r. Sahip oldu\u011fumuz \u00c7ifte Vergilendirmeyi \u00d6nleme Anla\u015fmas\u0131 tecr\u00fcbemiz ile m\u00fc\u015fterilerimize T\u00fcrkiye\u2019ye giri\u015fte, kar transferinde ve T\u00fcrkiye\u2019den \u00e7\u0131k\u0131\u015ftaki vermi\u015f oldu\u011fumuz vergi dan\u0131\u015fmanl\u0131k hizmetlerimizin e\u015fsiz oldu\u011funa inan\u0131yoruz.<\/p>\n<p>Vergi dan\u0131\u015fmanl\u0131k hizmetlerimiz kapsam\u0131nda grup i\u00e7i faturala\u015fma ve Transfer fiyatlamas\u0131 h\u00fck\u00fcmleri kapsam\u0131nda ayr\u0131ca dan\u0131\u015fmanl\u0131k hizmetleri de verilmektedir. Bu hizmetler kapsam\u0131nda Kurumlar Vergisi Beyannamesinin eki ile birlikte verilmesi gereken Transfer Fiyatlamas\u0131 Formu ile Transfer Fiyatlamas\u0131 Raporu ayr\u0131ca yaz\u0131lmaktad\u0131r.<\/p>\n<p>Ayr\u0131ca yurtd\u0131\u015f\u0131 ili\u015fkili firmalar\u0131m\u0131z ile birlikte Avrupa Birli\u011fi mevzuat\u0131na uygun olarak KDV iadesi ba\u015fvurular\u0131n\u0131 m\u00fc\u015fterimiz ad\u0131na yapmakta ve sonu\u00e7land\u0131rmaktay\u0131z.<\/p>\n<\/div><\/section>\n\n<\/div><\/div><\/div><!-- close content main div --><\/div><\/div><div id='reportingservices'  class='avia-section main_color avia-section-no-padding avia-no-border-styling avia-bg-style-scroll  avia-builder-el-6  el_after_av_section  el_before_av_buttonrow   container_wrap sidebar_right' style=' '  ><div class='container' ><div class='template-page content  av-content-small alpha units'><div class='post-entry post-entry-type-page post-entry-2712'><div class='entry-content-wrapper clearfix'>\n<section class=\"av_textblock_section \"  itemscope=\"itemscope\" itemtype=\"https:\/\/schema.org\/CreativeWork\" ><div class='avia_textblock  '   itemprop=\"text\" ><p><strong>Finansal Raporlama<br \/>\n<\/strong><\/p>\n<p>IA, Tek D\u00fczen Hesap Plan\u0131 ve Vergi Usul Kanuna uygun \u015fekilde yasal defter tutma ve muhasee hizmetleri yan\u0131s\u0131ra, T\u00fcrkiye Muhasebe Standartlar\u0131 (TMS) ve ili\u015fkili T\u00fcrkiye Finansal Raporlama Standartlar\u0131 kapsam\u0131nda muhasebe hizmeti sunmaktad\u0131r. Ba\u011f\u0131ms\u0131z denetime tabi i\u015fletmelerde muhasebe kay\u0131tlar\u0131n\u0131n e\u015f zamanl\u0131 olarak yasal mevzuat ve TMS\u2019ye uygun olarak tutulabilmesi i\u015fletmelere \u00e7ok b\u00fcy\u00fck avantajlar sa\u011flamaktad\u0131r.<\/p>\n<p>\u0130stenilen para biriminden raporlama yap\u0131labilmektedir.<\/p>\n<\/div><\/section>\n<\/div><\/div><\/div><!-- close content main div --><\/div><\/div><div id='after_section_3'  class='main_color av_default_container_wrap container_wrap sidebar_right' style=' '  ><div class='container' ><div class='template-page content  av-content-small alpha units'><div class='post-entry post-entry-type-page post-entry-2712'><div class='entry-content-wrapper clearfix'>\n<div  class='avia-buttonrow-wrap avia-buttonrow-left   avia-builder-el-8  el_after_av_section  avia-builder-el-no-sibling '>\n<a href='\/wp-content\/uploads\/2019\/12\/27x20-tek-kirim-bros\u00fcr-min.pdf' class='avia-button  avia-icon_select-no avia-color-theme-color avia-size-large ' target=\"_blank\" style='margin-bottom:5px; margin-right:5px; ' rel=\"noopener\"><span class='avia_iconbox_title' >IA TANITIM<\/span><\/a>\n<a href='\/wp-content\/uploads\/2019\/12\/egitim-min.pdf' class='avia-button  avia-icon_select-no avia-color-theme-color avia-size-large ' target=\"_blank\" style='margin-bottom:5px; margin-right:5px; ' rel=\"noopener\"><span class='avia_iconbox_title' >E\u011e\u0130T\u0130M H\u0130ZMETLER\u0130 <\/span><\/a>\n<a href='\/wp-content\/uploads\/2019\/12\/muhasebe-bordro-min.pdf' class='avia-button  avia-icon_select-no avia-color-theme-color avia-size-large ' target=\"_blank\" style='margin-bottom:5px; margin-right:5px; ' rel=\"noopener\"><span class='avia_iconbox_title' >MUHASEBE<\/span><\/a>\n<a href='\/wp-content\/uploads\/2019\/12\/arge-min.pdf' class='avia-button  avia-icon_select-no avia-color-theme-color avia-size-large ' target=\"_blank\" style='margin-bottom:5px; margin-right:5px; ' rel=\"noopener\"><span class='avia_iconbox_title' >ARGE H\u0130ZMETLER\u0130<\/span><\/a>\n<a href='\/wp-content\/uploads\/2019\/12\/g\u00fcmr\u00fck-ve-dis-ticaret-min.pdf' class='avia-button  avia-icon_select-no avia-color-theme-color avia-size-large ' target=\"_blank\" style='margin-bottom:5px; margin-right:5px; ' rel=\"noopener\"><span class='avia_iconbox_title' >G\u00dcMR\u00dcK VE DI\u015e T\u0130CARET<\/span><\/a>\n<a href='\/wp-content\/uploads\/2019\/12\/kdv-iade-hizmetleri-min.pdf' class='avia-button  avia-icon_select-no avia-color-theme-color avia-size-large ' target=\"_blank\" style='margin-bottom:5px; margin-right:5px; ' rel=\"noopener\"><span class='avia_iconbox_title' >KDV H\u0130ZMETLER\u0130<\/span><\/a>\n<a href='\/wp-content\/uploads\/2019\/12\/tasdik-hizmetleri-min.pdf' class='avia-button  avia-icon_select-no avia-color-theme-color avia-size-large ' target=\"_blank\" style='margin-bottom:5px; margin-right:5px; ' rel=\"noopener\"><span class='avia_iconbox_title' >TASD\u0130K H\u0130ZMETLER\u0130<\/span><\/a>\n<a href='\/wp-content\/uploads\/2019\/12\/uluslararasi-vergiledirme-min.pdf' class='avia-button  avia-icon_select-no avia-color-theme-color avia-size-large ' target=\"_blank\" style='margin-bottom:5px; margin-right:5px; ' rel=\"noopener\"><span class='avia_iconbox_title' >ULUSL. VERG\u0130LEND\u0130RME<\/span><\/a>\n<\/div>\n","protected":false},"excerpt":{"rendered":"","protected":false},"author":3,"featured_media":0,"parent":0,"menu_order":0,"comment_status":"closed","ping_status":"closed","template":"","meta":{"footnotes":""},"class_list":["post-2712","page","type-page","status-publish","hentry"],"yoast_head":"<!-- This site is optimized with the Yoast SEO plugin v25.3.1 - https:\/\/yoast.com\/wordpress\/plugins\/seo\/ -->\n<title>Muhasebe | IA | Accounting | Payroll | Tax | Paralegal | Audit<\/title>\n<meta name=\"robots\" content=\"index, follow, max-snippet:-1, max-image-preview:large, max-video-preview:-1\" \/>\n<link rel=\"canonical\" href=\"https:\/\/ia.com.tr\/tr\/muhasebe\/\" \/>\n<meta property=\"og:locale\" content=\"tr_TR\" \/>\n<meta property=\"og:type\" content=\"article\" \/>\n<meta property=\"og:title\" content=\"Muhasebe | IA | Accounting | Payroll | Tax | Paralegal | Audit\" \/>\n<meta property=\"og:url\" content=\"https:\/\/ia.com.tr\/tr\/muhasebe\/\" \/>\n<meta property=\"og:site_name\" content=\"IA | Accounting | Payroll | Tax | Paralegal | Audit\" \/>\n<meta property=\"article:publisher\" content=\"https:\/\/www.facebook.com\/IndependentAccountants\" \/>\n<meta property=\"article:modified_time\" content=\"2021-01-15T10:16:57+00:00\" \/>\n<meta name=\"twitter:card\" content=\"summary_large_image\" \/>\n<meta name=\"twitter:label1\" content=\"Tahmini okuma s\u00fcresi\" \/>\n\t<meta name=\"twitter:data1\" content=\"8 dakika\" \/>\n<script type=\"application\/ld+json\" class=\"yoast-schema-graph\">{\"@context\":\"https:\/\/schema.org\",\"@graph\":[{\"@type\":\"WebPage\",\"@id\":\"https:\/\/ia.com.tr\/tr\/muhasebe\/\",\"url\":\"https:\/\/ia.com.tr\/tr\/muhasebe\/\",\"name\":\"Muhasebe | IA | Accounting | Payroll | Tax | Paralegal | Audit\",\"isPartOf\":{\"@id\":\"https:\/\/ia.com.tr\/#website\"},\"datePublished\":\"2020-11-12T20:08:01+00:00\",\"dateModified\":\"2021-01-15T10:16:57+00:00\",\"breadcrumb\":{\"@id\":\"https:\/\/ia.com.tr\/tr\/muhasebe\/#breadcrumb\"},\"inLanguage\":\"tr\",\"potentialAction\":[{\"@type\":\"ReadAction\",\"target\":[\"https:\/\/ia.com.tr\/tr\/muhasebe\/\"]}]},{\"@type\":\"BreadcrumbList\",\"@id\":\"https:\/\/ia.com.tr\/tr\/muhasebe\/#breadcrumb\",\"itemListElement\":[{\"@type\":\"ListItem\",\"position\":1,\"name\":\"Home\",\"item\":\"https:\/\/ia.com.tr\/tr\/ana-sayfa\/\"},{\"@type\":\"ListItem\",\"position\":2,\"name\":\"Muhasebe\"}]},{\"@type\":\"WebSite\",\"@id\":\"https:\/\/ia.com.tr\/#website\",\"url\":\"https:\/\/ia.com.tr\/\",\"name\":\"IA | Accounting | Payroll | Tax | Paralegal | Audit\",\"description\":\"\",\"publisher\":{\"@id\":\"https:\/\/ia.com.tr\/#organization\"},\"potentialAction\":[{\"@type\":\"SearchAction\",\"target\":{\"@type\":\"EntryPoint\",\"urlTemplate\":\"https:\/\/ia.com.tr\/?s={search_term_string}\"},\"query-input\":{\"@type\":\"PropertyValueSpecification\",\"valueRequired\":true,\"valueName\":\"search_term_string\"}}],\"inLanguage\":\"tr\"},{\"@type\":\"Organization\",\"@id\":\"https:\/\/ia.com.tr\/#organization\",\"name\":\"INDEPENDENT ACCOUNTANTS & ADVISORS\",\"url\":\"https:\/\/ia.com.tr\/\",\"logo\":{\"@type\":\"ImageObject\",\"inLanguage\":\"tr\",\"@id\":\"https:\/\/ia.com.tr\/#\/schema\/logo\/image\/\",\"url\":\"https:\/\/ia.com.tr\/wp-content\/uploads\/2019\/12\/isim_yok.jpg\",\"contentUrl\":\"https:\/\/ia.com.tr\/wp-content\/uploads\/2019\/12\/isim_yok.jpg\",\"width\":193,\"height\":193,\"caption\":\"INDEPENDENT ACCOUNTANTS & ADVISORS\"},\"image\":{\"@id\":\"https:\/\/ia.com.tr\/#\/schema\/logo\/image\/\"},\"sameAs\":[\"https:\/\/www.facebook.com\/IndependentAccountants\"]}]}<\/script>\n<!-- \/ Yoast SEO plugin. -->","yoast_head_json":{"title":"Muhasebe | IA | Accounting | Payroll | Tax | Paralegal | Audit","robots":{"index":"index","follow":"follow","max-snippet":"max-snippet:-1","max-image-preview":"max-image-preview:large","max-video-preview":"max-video-preview:-1"},"canonical":"https:\/\/ia.com.tr\/tr\/muhasebe\/","og_locale":"tr_TR","og_type":"article","og_title":"Muhasebe | IA | Accounting | Payroll | Tax | Paralegal | Audit","og_url":"https:\/\/ia.com.tr\/tr\/muhasebe\/","og_site_name":"IA | Accounting | Payroll | Tax | Paralegal | Audit","article_publisher":"https:\/\/www.facebook.com\/IndependentAccountants","article_modified_time":"2021-01-15T10:16:57+00:00","twitter_card":"summary_large_image","twitter_misc":{"Tahmini okuma s\u00fcresi":"8 dakika"},"schema":{"@context":"https:\/\/schema.org","@graph":[{"@type":"WebPage","@id":"https:\/\/ia.com.tr\/tr\/muhasebe\/","url":"https:\/\/ia.com.tr\/tr\/muhasebe\/","name":"Muhasebe | IA | Accounting | Payroll | Tax | Paralegal | Audit","isPartOf":{"@id":"https:\/\/ia.com.tr\/#website"},"datePublished":"2020-11-12T20:08:01+00:00","dateModified":"2021-01-15T10:16:57+00:00","breadcrumb":{"@id":"https:\/\/ia.com.tr\/tr\/muhasebe\/#breadcrumb"},"inLanguage":"tr","potentialAction":[{"@type":"ReadAction","target":["https:\/\/ia.com.tr\/tr\/muhasebe\/"]}]},{"@type":"BreadcrumbList","@id":"https:\/\/ia.com.tr\/tr\/muhasebe\/#breadcrumb","itemListElement":[{"@type":"ListItem","position":1,"name":"Home","item":"https:\/\/ia.com.tr\/tr\/ana-sayfa\/"},{"@type":"ListItem","position":2,"name":"Muhasebe"}]},{"@type":"WebSite","@id":"https:\/\/ia.com.tr\/#website","url":"https:\/\/ia.com.tr\/","name":"IA | Accounting | Payroll | Tax | Paralegal | Audit","description":"","publisher":{"@id":"https:\/\/ia.com.tr\/#organization"},"potentialAction":[{"@type":"SearchAction","target":{"@type":"EntryPoint","urlTemplate":"https:\/\/ia.com.tr\/?s={search_term_string}"},"query-input":{"@type":"PropertyValueSpecification","valueRequired":true,"valueName":"search_term_string"}}],"inLanguage":"tr"},{"@type":"Organization","@id":"https:\/\/ia.com.tr\/#organization","name":"INDEPENDENT ACCOUNTANTS & ADVISORS","url":"https:\/\/ia.com.tr\/","logo":{"@type":"ImageObject","inLanguage":"tr","@id":"https:\/\/ia.com.tr\/#\/schema\/logo\/image\/","url":"https:\/\/ia.com.tr\/wp-content\/uploads\/2019\/12\/isim_yok.jpg","contentUrl":"https:\/\/ia.com.tr\/wp-content\/uploads\/2019\/12\/isim_yok.jpg","width":193,"height":193,"caption":"INDEPENDENT ACCOUNTANTS & ADVISORS"},"image":{"@id":"https:\/\/ia.com.tr\/#\/schema\/logo\/image\/"},"sameAs":["https:\/\/www.facebook.com\/IndependentAccountants"]}]}},"_links":{"self":[{"href":"https:\/\/ia.com.tr\/tr\/wp-json\/wp\/v2\/pages\/2712","targetHints":{"allow":["GET"]}}],"collection":[{"href":"https:\/\/ia.com.tr\/tr\/wp-json\/wp\/v2\/pages"}],"about":[{"href":"https:\/\/ia.com.tr\/tr\/wp-json\/wp\/v2\/types\/page"}],"author":[{"embeddable":true,"href":"https:\/\/ia.com.tr\/tr\/wp-json\/wp\/v2\/users\/3"}],"replies":[{"embeddable":true,"href":"https:\/\/ia.com.tr\/tr\/wp-json\/wp\/v2\/comments?post=2712"}],"version-history":[{"count":4,"href":"https:\/\/ia.com.tr\/tr\/wp-json\/wp\/v2\/pages\/2712\/revisions"}],"predecessor-version":[{"id":3003,"href":"https:\/\/ia.com.tr\/tr\/wp-json\/wp\/v2\/pages\/2712\/revisions\/3003"}],"wp:attachment":[{"href":"https:\/\/ia.com.tr\/tr\/wp-json\/wp\/v2\/media?parent=2712"}],"curies":[{"name":"wp","href":"https:\/\/api.w.org\/{rel}","templated":true}]}}