{"id":2718,"date":"2020-11-12T23:16:21","date_gmt":"2020-11-12T20:16:21","guid":{"rendered":"https:\/\/ia.com.tr\/?page_id=2718"},"modified":"2020-11-12T23:16:42","modified_gmt":"2020-11-12T20:16:42","slug":"defter-tutma-hizmetleri","status":"publish","type":"page","link":"https:\/\/ia.com.tr\/tr\/defter-tutma-hizmetleri\/","title":{"rendered":"Defter Tutma Hizmetleri"},"content":{"rendered":"<ul>\n<li style=\"text-align: justify;\"><span class=\"VIiyi\" lang=\"tr\"><span class=\"JLqJ4b ChMk0b\" data-language-for-alternatives=\"tr\" data-language-to-translate-into=\"en\" data-phrase-index=\"0\">Gider faturalar\u0131n\u0131n kaydedilmesi.<\/span><\/span><\/li>\n<li style=\"text-align: justify;\"><span class=\"VIiyi\" lang=\"tr\"><span class=\"JLqJ4b ChMk0b\" data-language-for-alternatives=\"tr\" data-language-to-translate-into=\"en\" data-phrase-index=\"2\">Tedarik\u00e7ilerin mutabakat\u0131. (Ana ve yabanc\u0131 tedarik\u00e7iler \u00fc\u00e7 ayda bir, geri kalan\u0131 alt\u0131 ayda bir)<\/span> <\/span><\/li>\n<li style=\"text-align: justify;\"><span class=\"VIiyi\" lang=\"tr\"><span class=\"JLqJ4b ChMk0b\" data-language-for-alternatives=\"tr\" data-language-to-translate-into=\"en\" data-phrase-index=\"4\">Sat\u0131\u015f faturalar\u0131n\u0131n entegrasyonu.<\/span> <\/span><\/li>\n<li style=\"text-align: justify;\"><span class=\"VIiyi\" lang=\"tr\"><span class=\"JLqJ4b ChMk0b\" data-language-for-alternatives=\"tr\" data-language-to-translate-into=\"en\" data-phrase-index=\"6\">M\u00fc\u015fterilerin mutabakat\u0131.<\/span> <span class=\"JLqJ4b ChMk0b\" data-language-for-alternatives=\"tr\" data-language-to-translate-into=\"en\" data-phrase-index=\"7\">(Ana m\u00fc\u015fteriler \u00fc\u00e7 ayda bir, geri kalan\u0131 alt\u0131 ayda bir)<\/span> <\/span><\/li>\n<li style=\"text-align: justify;\"><span class=\"VIiyi\" lang=\"tr\"><span class=\"JLqJ4b ChMk0b\" data-language-for-alternatives=\"tr\" data-language-to-translate-into=\"en\" data-phrase-index=\"9\">K\u00fc\u00e7\u00fck kasa belgelerinin, \u00f6demelerinin ve tahsilatlar\u0131n\u0131n kaydedilmesi.<\/span> <\/span><\/li>\n<li style=\"text-align: justify;\"><span class=\"VIiyi\" lang=\"tr\"><span class=\"JLqJ4b ChMk0b\" data-language-for-alternatives=\"tr\" data-language-to-translate-into=\"en\" data-phrase-index=\"11\">Banka kay\u0131tlar\u0131n\u0131n kaydedilmesi.<\/span> <\/span><\/li>\n<li style=\"text-align: justify;\"><span class=\"VIiyi\" lang=\"tr\"><span class=\"JLqJ4b ChMk0b\" data-language-for-alternatives=\"tr\" data-language-to-translate-into=\"en\" data-phrase-index=\"13\">\u0130\u00e7e aktar\u0131lan dosyalar\u0131n kayd\u0131.<\/span> <\/span><\/li>\n<li style=\"text-align: justify;\"><span class=\"VIiyi\" lang=\"tr\"><span class=\"JLqJ4b ChMk0b\" data-language-for-alternatives=\"tr\" data-language-to-translate-into=\"en\" data-phrase-index=\"15\">Banka hesaplar\u0131n\u0131n mutabakat\u0131. (Ayl\u0131k)<\/span> <\/span><\/li>\n<li style=\"text-align: justify;\"><span class=\"VIiyi\" lang=\"tr\"><span class=\"JLqJ4b ChMk0b\" data-language-for-alternatives=\"tr\" data-language-to-translate-into=\"en\" data-phrase-index=\"17\">Sabit k\u0131ymetlerin ve amortismanlar\u0131n kaydedilmesi (T\u00fcrk GAAP&#8217;ye g\u00f6re)<\/span> <\/span><\/li>\n<li style=\"text-align: justify;\"><span class=\"VIiyi\" lang=\"tr\"><span class=\"JLqJ4b ChMk0b\" data-language-for-alternatives=\"tr\" data-language-to-translate-into=\"en\" data-phrase-index=\"19\">T\u00fcrk Vergi Kanununun yasal olarak gerektirdi\u011fi d\u00f6nemsel tahakkuk ve de\u011ferlemelerin kaydedilmesi.<\/span> <\/span><\/li>\n<li style=\"text-align: justify;\"><span class=\"VIiyi\" lang=\"tr\"><span class=\"JLqJ4b ChMk0b\" data-language-for-alternatives=\"tr\" data-language-to-translate-into=\"en\" data-phrase-index=\"21\">Yerel d\u00fczenleyici ama\u00e7lar i\u00e7in y\u0131ll\u0131k bilan\u00e7o ve gelir tablolar\u0131n\u0131n haz\u0131rlanmas\u0131.<\/span><\/span><\/li>\n<\/ul>\n","protected":false},"excerpt":{"rendered":"<p>Gider faturalar\u0131n\u0131n kaydedilmesi. Tedarik\u00e7ilerin mutabakat\u0131. (Ana ve yabanc\u0131 tedarik\u00e7iler \u00fc\u00e7 ayda bir, geri kalan\u0131 alt\u0131 ayda bir) Sat\u0131\u015f faturalar\u0131n\u0131n entegrasyonu. M\u00fc\u015fterilerin mutabakat\u0131. (Ana m\u00fc\u015fteriler \u00fc\u00e7 ayda bir, geri kalan\u0131 alt\u0131 ayda bir) K\u00fc\u00e7\u00fck kasa belgelerinin, \u00f6demelerinin ve tahsilatlar\u0131n\u0131n kaydedilmesi. Banka kay\u0131tlar\u0131n\u0131n kaydedilmesi. \u0130\u00e7e aktar\u0131lan dosyalar\u0131n kayd\u0131. Banka hesaplar\u0131n\u0131n mutabakat\u0131. (Ayl\u0131k) Sabit k\u0131ymetlerin ve amortismanlar\u0131n kaydedilmesi [&hellip;]<\/p>\n","protected":false},"author":3,"featured_media":0,"parent":0,"menu_order":0,"comment_status":"closed","ping_status":"closed","template":"","meta":{"footnotes":""},"class_list":["post-2718","page","type-page","status-publish","hentry"],"yoast_head":"<!-- This site is optimized with the Yoast SEO plugin v25.3.1 - https:\/\/yoast.com\/wordpress\/plugins\/seo\/ -->\n<title>Defter Tutma Hizmetleri | IA | Accounting | Payroll | Tax | Paralegal | Audit<\/title>\n<meta name=\"robots\" content=\"index, follow, max-snippet:-1, max-image-preview:large, max-video-preview:-1\" \/>\n<link rel=\"canonical\" href=\"https:\/\/ia.com.tr\/tr\/defter-tutma-hizmetleri\/\" \/>\n<meta property=\"og:locale\" content=\"tr_TR\" \/>\n<meta property=\"og:type\" content=\"article\" \/>\n<meta property=\"og:title\" content=\"Defter Tutma Hizmetleri | IA | Accounting | Payroll | Tax | Paralegal | Audit\" \/>\n<meta property=\"og:description\" content=\"Gider faturalar\u0131n\u0131n kaydedilmesi. Tedarik\u00e7ilerin mutabakat\u0131. (Ana ve yabanc\u0131 tedarik\u00e7iler \u00fc\u00e7 ayda bir, geri kalan\u0131 alt\u0131 ayda bir) Sat\u0131\u015f faturalar\u0131n\u0131n entegrasyonu. M\u00fc\u015fterilerin mutabakat\u0131. (Ana m\u00fc\u015fteriler \u00fc\u00e7 ayda bir, geri kalan\u0131 alt\u0131 ayda bir) K\u00fc\u00e7\u00fck kasa belgelerinin, \u00f6demelerinin ve tahsilatlar\u0131n\u0131n kaydedilmesi. Banka kay\u0131tlar\u0131n\u0131n kaydedilmesi. \u0130\u00e7e aktar\u0131lan dosyalar\u0131n kayd\u0131. Banka hesaplar\u0131n\u0131n mutabakat\u0131. (Ayl\u0131k) Sabit k\u0131ymetlerin ve amortismanlar\u0131n kaydedilmesi [&hellip;]\" \/>\n<meta property=\"og:url\" content=\"https:\/\/ia.com.tr\/tr\/defter-tutma-hizmetleri\/\" \/>\n<meta property=\"og:site_name\" content=\"IA | Accounting | Payroll | Tax | Paralegal | Audit\" \/>\n<meta property=\"article:publisher\" content=\"https:\/\/www.facebook.com\/IndependentAccountants\" \/>\n<meta property=\"article:modified_time\" content=\"2020-11-12T20:16:42+00:00\" \/>\n<meta name=\"twitter:card\" content=\"summary_large_image\" \/>\n<meta name=\"twitter:label1\" content=\"Tahmini okuma s\u00fcresi\" \/>\n\t<meta name=\"twitter:data1\" content=\"1 dakika\" \/>\n<script type=\"application\/ld+json\" class=\"yoast-schema-graph\">{\"@context\":\"https:\/\/schema.org\",\"@graph\":[{\"@type\":\"WebPage\",\"@id\":\"https:\/\/ia.com.tr\/tr\/defter-tutma-hizmetleri\/\",\"url\":\"https:\/\/ia.com.tr\/tr\/defter-tutma-hizmetleri\/\",\"name\":\"Defter Tutma Hizmetleri | IA | Accounting | Payroll | Tax | Paralegal | Audit\",\"isPartOf\":{\"@id\":\"https:\/\/ia.com.tr\/#website\"},\"datePublished\":\"2020-11-12T20:16:21+00:00\",\"dateModified\":\"2020-11-12T20:16:42+00:00\",\"breadcrumb\":{\"@id\":\"https:\/\/ia.com.tr\/tr\/defter-tutma-hizmetleri\/#breadcrumb\"},\"inLanguage\":\"tr\",\"potentialAction\":[{\"@type\":\"ReadAction\",\"target\":[\"https:\/\/ia.com.tr\/tr\/defter-tutma-hizmetleri\/\"]}]},{\"@type\":\"BreadcrumbList\",\"@id\":\"https:\/\/ia.com.tr\/tr\/defter-tutma-hizmetleri\/#breadcrumb\",\"itemListElement\":[{\"@type\":\"ListItem\",\"position\":1,\"name\":\"Home\",\"item\":\"https:\/\/ia.com.tr\/tr\/ana-sayfa\/\"},{\"@type\":\"ListItem\",\"position\":2,\"name\":\"Defter Tutma Hizmetleri\"}]},{\"@type\":\"WebSite\",\"@id\":\"https:\/\/ia.com.tr\/#website\",\"url\":\"https:\/\/ia.com.tr\/\",\"name\":\"IA | Accounting | Payroll | Tax | Paralegal | Audit\",\"description\":\"\",\"publisher\":{\"@id\":\"https:\/\/ia.com.tr\/#organization\"},\"potentialAction\":[{\"@type\":\"SearchAction\",\"target\":{\"@type\":\"EntryPoint\",\"urlTemplate\":\"https:\/\/ia.com.tr\/?s={search_term_string}\"},\"query-input\":{\"@type\":\"PropertyValueSpecification\",\"valueRequired\":true,\"valueName\":\"search_term_string\"}}],\"inLanguage\":\"tr\"},{\"@type\":\"Organization\",\"@id\":\"https:\/\/ia.com.tr\/#organization\",\"name\":\"INDEPENDENT ACCOUNTANTS & ADVISORS\",\"url\":\"https:\/\/ia.com.tr\/\",\"logo\":{\"@type\":\"ImageObject\",\"inLanguage\":\"tr\",\"@id\":\"https:\/\/ia.com.tr\/#\/schema\/logo\/image\/\",\"url\":\"https:\/\/ia.com.tr\/wp-content\/uploads\/2019\/12\/isim_yok.jpg\",\"contentUrl\":\"https:\/\/ia.com.tr\/wp-content\/uploads\/2019\/12\/isim_yok.jpg\",\"width\":193,\"height\":193,\"caption\":\"INDEPENDENT ACCOUNTANTS & ADVISORS\"},\"image\":{\"@id\":\"https:\/\/ia.com.tr\/#\/schema\/logo\/image\/\"},\"sameAs\":[\"https:\/\/www.facebook.com\/IndependentAccountants\"]}]}<\/script>\n<!-- \/ Yoast SEO plugin. -->","yoast_head_json":{"title":"Defter Tutma Hizmetleri | IA | Accounting | Payroll | Tax | Paralegal | Audit","robots":{"index":"index","follow":"follow","max-snippet":"max-snippet:-1","max-image-preview":"max-image-preview:large","max-video-preview":"max-video-preview:-1"},"canonical":"https:\/\/ia.com.tr\/tr\/defter-tutma-hizmetleri\/","og_locale":"tr_TR","og_type":"article","og_title":"Defter Tutma Hizmetleri | IA | Accounting | Payroll | Tax | Paralegal | Audit","og_description":"Gider faturalar\u0131n\u0131n kaydedilmesi. Tedarik\u00e7ilerin mutabakat\u0131. (Ana ve yabanc\u0131 tedarik\u00e7iler \u00fc\u00e7 ayda bir, geri kalan\u0131 alt\u0131 ayda bir) Sat\u0131\u015f faturalar\u0131n\u0131n entegrasyonu. M\u00fc\u015fterilerin mutabakat\u0131. (Ana m\u00fc\u015fteriler \u00fc\u00e7 ayda bir, geri kalan\u0131 alt\u0131 ayda bir) K\u00fc\u00e7\u00fck kasa belgelerinin, \u00f6demelerinin ve tahsilatlar\u0131n\u0131n kaydedilmesi. Banka kay\u0131tlar\u0131n\u0131n kaydedilmesi. \u0130\u00e7e aktar\u0131lan dosyalar\u0131n kayd\u0131. Banka hesaplar\u0131n\u0131n mutabakat\u0131. (Ayl\u0131k) Sabit k\u0131ymetlerin ve amortismanlar\u0131n kaydedilmesi [&hellip;]","og_url":"https:\/\/ia.com.tr\/tr\/defter-tutma-hizmetleri\/","og_site_name":"IA | Accounting | Payroll | Tax | Paralegal | Audit","article_publisher":"https:\/\/www.facebook.com\/IndependentAccountants","article_modified_time":"2020-11-12T20:16:42+00:00","twitter_card":"summary_large_image","twitter_misc":{"Tahmini okuma s\u00fcresi":"1 dakika"},"schema":{"@context":"https:\/\/schema.org","@graph":[{"@type":"WebPage","@id":"https:\/\/ia.com.tr\/tr\/defter-tutma-hizmetleri\/","url":"https:\/\/ia.com.tr\/tr\/defter-tutma-hizmetleri\/","name":"Defter Tutma Hizmetleri | IA | Accounting | Payroll | Tax | Paralegal | Audit","isPartOf":{"@id":"https:\/\/ia.com.tr\/#website"},"datePublished":"2020-11-12T20:16:21+00:00","dateModified":"2020-11-12T20:16:42+00:00","breadcrumb":{"@id":"https:\/\/ia.com.tr\/tr\/defter-tutma-hizmetleri\/#breadcrumb"},"inLanguage":"tr","potentialAction":[{"@type":"ReadAction","target":["https:\/\/ia.com.tr\/tr\/defter-tutma-hizmetleri\/"]}]},{"@type":"BreadcrumbList","@id":"https:\/\/ia.com.tr\/tr\/defter-tutma-hizmetleri\/#breadcrumb","itemListElement":[{"@type":"ListItem","position":1,"name":"Home","item":"https:\/\/ia.com.tr\/tr\/ana-sayfa\/"},{"@type":"ListItem","position":2,"name":"Defter Tutma Hizmetleri"}]},{"@type":"WebSite","@id":"https:\/\/ia.com.tr\/#website","url":"https:\/\/ia.com.tr\/","name":"IA | Accounting | Payroll | Tax | Paralegal | Audit","description":"","publisher":{"@id":"https:\/\/ia.com.tr\/#organization"},"potentialAction":[{"@type":"SearchAction","target":{"@type":"EntryPoint","urlTemplate":"https:\/\/ia.com.tr\/?s={search_term_string}"},"query-input":{"@type":"PropertyValueSpecification","valueRequired":true,"valueName":"search_term_string"}}],"inLanguage":"tr"},{"@type":"Organization","@id":"https:\/\/ia.com.tr\/#organization","name":"INDEPENDENT ACCOUNTANTS & ADVISORS","url":"https:\/\/ia.com.tr\/","logo":{"@type":"ImageObject","inLanguage":"tr","@id":"https:\/\/ia.com.tr\/#\/schema\/logo\/image\/","url":"https:\/\/ia.com.tr\/wp-content\/uploads\/2019\/12\/isim_yok.jpg","contentUrl":"https:\/\/ia.com.tr\/wp-content\/uploads\/2019\/12\/isim_yok.jpg","width":193,"height":193,"caption":"INDEPENDENT ACCOUNTANTS & ADVISORS"},"image":{"@id":"https:\/\/ia.com.tr\/#\/schema\/logo\/image\/"},"sameAs":["https:\/\/www.facebook.com\/IndependentAccountants"]}]}},"_links":{"self":[{"href":"https:\/\/ia.com.tr\/tr\/wp-json\/wp\/v2\/pages\/2718","targetHints":{"allow":["GET"]}}],"collection":[{"href":"https:\/\/ia.com.tr\/tr\/wp-json\/wp\/v2\/pages"}],"about":[{"href":"https:\/\/ia.com.tr\/tr\/wp-json\/wp\/v2\/types\/page"}],"author":[{"embeddable":true,"href":"https:\/\/ia.com.tr\/tr\/wp-json\/wp\/v2\/users\/3"}],"replies":[{"embeddable":true,"href":"https:\/\/ia.com.tr\/tr\/wp-json\/wp\/v2\/comments?post=2718"}],"version-history":[{"count":3,"href":"https:\/\/ia.com.tr\/tr\/wp-json\/wp\/v2\/pages\/2718\/revisions"}],"predecessor-version":[{"id":2721,"href":"https:\/\/ia.com.tr\/tr\/wp-json\/wp\/v2\/pages\/2718\/revisions\/2721"}],"wp:attachment":[{"href":"https:\/\/ia.com.tr\/tr\/wp-json\/wp\/v2\/media?parent=2718"}],"curies":[{"name":"wp","href":"https:\/\/api.w.org\/{rel}","templated":true}]}}