{"id":2722,"date":"2020-11-12T23:37:04","date_gmt":"2020-11-12T20:37:04","guid":{"rendered":"https:\/\/ia.com.tr\/?page_id=2722"},"modified":"2021-01-15T13:17:30","modified_gmt":"2021-01-15T10:17:30","slug":"yonetimsel-danismanlik","status":"publish","type":"page","link":"https:\/\/ia.com.tr\/tr\/yonetimsel-danismanlik\/","title":{"rendered":"Y\u00f6netimsel Dan\u0131\u015fmanl\u0131k"},"content":{"rendered":"<div  style='padding-bottom:10px; ' class='av-special-heading av-special-heading-h3    avia-builder-el-0  el_before_av_textblock  avia-builder-el-first  '><h3 class='av-special-heading-tag '  itemprop=\"headline\"  >Y\u00f6netimsel Dan\u0131\u015fmanl\u0131k<\/h3><div class='special-heading-border'><div class='special-heading-inner-border' ><\/div><\/div><\/div>\n<section class=\"av_textblock_section \"  itemscope=\"itemscope\" itemtype=\"https:\/\/schema.org\/CreativeWork\" ><div class='avia_textblock  '   itemprop=\"text\" ><p>Organizasyonel ve y\u00f6netimsel konularda dan\u0131\u015fmanl\u0131k hizmeti veriyoruz. IA, \u00f6zellikle her t\u00fcrl\u00fc ticaret sicil i\u015flemlerini yapma ve her t\u00fcrl\u00fc belgeyi haz\u0131rlama s\u00fcrecinde tecr\u00fcbeye sahiptir.<\/p>\n<p>M\u00fc\u015fterilerimize sundu\u011fumuz ticaret sicil i\u015flemlerinin bir \u00f6zeti a\u015fa\u011f\u0131dad\u0131r;<\/p>\n<ul>\n<li>Adres de\u011fi\u015fikli\u011fi,<\/li>\n<li>Y\u00f6netici de\u011fi\u015fikli\u011fi,<\/li>\n<li>Tip de\u011fi\u015fikli\u011fi,<\/li>\n<li>Y\u00f6netim kurulu \u00fcye de\u011fi\u015fiklikleri,<\/li>\n<li>Genel Kurul evraklar\u0131n\u0131n haz\u0131rlanmas\u0131 ve organizasyonu,<\/li>\n<li>Sermaye art\u0131r\u0131m\u0131 i\u015flemleri,<\/li>\n<li>Sermaye azalt\u0131m i\u015flemleri,<\/li>\n<li>Hisse ve paylarda de\u011fi\u015fiklik,<\/li>\n<li>Tasfiye, devir ve birle\u015fme, b\u00f6l\u00fcnme i\u015flemleri.<\/li>\n<\/ul>\n<p>\u0130A olarak Ticaret Sicil, Vergi Dairesi, SGK gibi gerekli t\u00fcm kamu kurumlar\u0131 nezdinde Y\u00f6netim Kurulu veya Ortaklar karar\u0131 dahil olmak \u00fczere yap\u0131lmas\u0131 gereken i\u015flemleri tamamlayarak sizlere bu hizmetleri sunuyoruz.<\/p>\n<h4>Organizasyon Hizmetleri<\/h4>\n<p>Do\u011frudan Yabanc\u0131 Yat\u0131r\u0131m \u015firketlerine, T\u00fcrkiye&#8217;de g\u00f6stermek istedikleri i\u015f faaliyetleri, yat\u0131r\u0131m alanlar\u0131 ve ticaret hacmi g\u00f6z \u00f6n\u00fcnde bulundurularak en uygun \u015firket t\u00fcr\u00fc ve sonras\u0131nda \u015firket t\u00fcr\u00fcne g\u00f6re ihtiya\u00e7 duyulan belgeler (kararlar, vekaletname, vb.) haz\u0131rlanarak m\u00fc\u015fterilerimize imzaya haz\u0131r halde teslim edilir. M\u00fc\u015fterilerimizden gelen belgelerin teslim al\u0131nmas\u0131 ile Ticaret Sicil, Vergi Dairesi, SGK ve di\u011fer kamu kurumlar\u0131 nezdinde d\u00f6rt i\u015f g\u00fcn\u00fc i\u00e7erisinde \u015firketin kurulu\u015funu tamamlayabiliriz.<\/p>\n<h4>Ofisiniz haz\u0131r<\/h4>\n<p>T\u00fcrkiye&#8217;de yeni bir organizasyon kurarken, IA size ge\u00e7ici ve \/ veya kal\u0131c\u0131 olarak kay\u0131tl\u0131 bir ofis adresi sa\u011flayabilir. Siz tamamen temel i\u015finize odaklan\u0131yorsunuz ve di\u011fer detaylar IA taraf\u0131ndan tamamlan\u0131yor.<\/p>\n<h4>\u015eirketiniz Haz\u0131r<\/h4>\n<ul>\n<li>\u0130rtibat B\u00fcrolar\u0131, \u015eubeler, Proje Ofisleri ve T\u00fcm \u015eirket T\u00fcrleri (Limited \u015eirket, Anonim \u015eirket, Anonim \u015eirket ve Di\u011fer T\u00fcrler) Kurulu\u015fu<\/li>\n<li>T\u00fcrkiye&#8217;de i\u015f ba\u015flatmak istiyorsan\u0131z, \u00f6nce \u015firketinizin t\u00fcr\u00fcn\u00fc se\u00e7melisiniz. Beklentilerinizi hangi \u015firket t\u00fcr\u00fc kar\u015f\u0131l\u0131yor? T\u00fcrkiye&#8217;deki ticari faaliyetleriniz i\u00e7in hangi t\u00fcr daha uygundur? IA CPA ekibi size rehberlik etmeye haz\u0131r. IA CPA ekibi.<\/li>\n<li>IA \u0130ngilizce konu\u015fan muhasebeciler, vergi ve hukuk dan\u0131\u015fmanlar\u0131, T\u00fcrkiye&#8217;de yat\u0131r\u0131m yaparken daha iyi kararlar vermeniz i\u00e7in size yard\u0131mc\u0131 olmaya haz\u0131rd\u0131r. IA 2004&#8217;ten beri seninle.<\/li>\n<\/ul>\n<h5>\u015eube, \u015eirket ve \u0130rtibat B\u00fcrosu Kurulu\u015fu uygulamalar\u0131 ile ilgili hizmetlerimizden baz\u0131lar\u0131;<\/h5>\n<ul>\n<li>\u015eirket t\u00fcrleri hakk\u0131nda dan\u0131\u015fmanl\u0131k hizmeti verilmesi<\/li>\n<li>Kurulu\u015f s\u00fcreci i\u00e7in esas s\u00f6zle\u015fme dahil t\u00fcm belgelerin taslak halinde sunulmas\u0131.<\/li>\n<li>T\u00fcrkiye&#8217;de \u0130rtibat B\u00fcrosu, \u015eube, Proje Ofisi veya \u015firket kurulu\u015f s\u00fcrecini tamamlamak \u00fczere ilgili Kurumlara kurulmas\u0131 ve Vergi Dairesi, Belediye ve \u0130tfaiye M\u00fcd\u00fcrl\u00fc\u011f\u00fc i\u00e7in t\u00fcm kay\u0131t i\u015flemlerinin takibi<\/li>\n<li>T\u00fcm defter tutma, vergi beyannamesi haz\u0131rlama ve bordro i\u015flemlerinin takibi<\/li>\n<li>Her y\u0131l Ekonomi Bakanl\u0131\u011f\u0131&#8217;na sunulmas\u0131 gereken y\u0131ll\u0131k Faaliyet Raporu ve Do\u011frudan Yabanc\u0131 Yat\u0131r\u0131m Bilgi Formunun haz\u0131rlanmas\u0131<\/li>\n<li>Ekonomi Bakanl\u0131\u011f\u0131&#8217;na s\u00fcre uzatma ba\u015fvurusu (\u0130rtibat B\u00fcrolar\u0131 \u0130\u00e7in)<\/li>\n<\/ul>\n<\/div><\/section>\n<div  class='avia-buttonrow-wrap avia-buttonrow-left   avia-builder-el-2  el_after_av_textblock  avia-builder-el-last '>\n<a href='\/wp-content\/uploads\/2019\/12\/27x20-tek-kirim-bros\u00fcr-min.pdf' class='avia-button  avia-icon_select-no avia-color-theme-color avia-size-x-large ' target=\"_blank\" style='margin-bottom:5px; margin-right:5px; ' rel=\"noopener\"><span class='avia_iconbox_title' >IA TANITIM<\/span><\/a> <a href='\/wp-content\/uploads\/2019\/12\/arge-min.pdf' class='avia-button  avia-icon_select-no avia-color-theme-color avia-size-x-large ' target=\"_blank\" style='margin-bottom:5px; margin-right:5px; ' rel=\"noopener\"><span class='avia_iconbox_title' >ARGE H\u0130ZMETLER\u0130<\/span><\/a> <a href='\/wp-content\/uploads\/2019\/12\/g\u00fcmr\u00fck-ve-dis-ticaret-min.pdf' class='avia-button  avia-icon_select-no avia-color-theme-color avia-size-x-large ' target=\"_blank\" style='margin-bottom:5px; margin-right:5px; ' rel=\"noopener\"><span class='avia_iconbox_title' >G\u00dcMR\u00dcK VE DI\u015e T\u0130CARET <\/span><\/a>\n<\/div>\n","protected":false},"excerpt":{"rendered":"","protected":false},"author":3,"featured_media":0,"parent":0,"menu_order":0,"comment_status":"closed","ping_status":"closed","template":"","meta":{"footnotes":""},"class_list":["post-2722","page","type-page","status-publish","hentry"],"yoast_head":"<!-- This site is optimized with the Yoast SEO plugin v25.3.1 - https:\/\/yoast.com\/wordpress\/plugins\/seo\/ -->\n<title>Y\u00f6netimsel Dan\u0131\u015fmanl\u0131k | IA | Accounting | Payroll | Tax | Paralegal | Audit<\/title>\n<meta name=\"robots\" content=\"index, follow, max-snippet:-1, max-image-preview:large, max-video-preview:-1\" \/>\n<link rel=\"canonical\" href=\"https:\/\/ia.com.tr\/tr\/yonetimsel-danismanlik\/\" \/>\n<meta property=\"og:locale\" content=\"tr_TR\" \/>\n<meta property=\"og:type\" content=\"article\" \/>\n<meta property=\"og:title\" content=\"Y\u00f6netimsel Dan\u0131\u015fmanl\u0131k | IA | Accounting | Payroll | Tax | Paralegal | Audit\" \/>\n<meta property=\"og:url\" content=\"https:\/\/ia.com.tr\/tr\/yonetimsel-danismanlik\/\" \/>\n<meta property=\"og:site_name\" content=\"IA | Accounting | Payroll | Tax | Paralegal | Audit\" \/>\n<meta property=\"article:publisher\" content=\"https:\/\/www.facebook.com\/IndependentAccountants\" \/>\n<meta property=\"article:modified_time\" content=\"2021-01-15T10:17:30+00:00\" \/>\n<meta name=\"twitter:card\" content=\"summary_large_image\" \/>\n<meta name=\"twitter:label1\" content=\"Tahmini okuma s\u00fcresi\" \/>\n\t<meta name=\"twitter:data1\" content=\"4 dakika\" \/>\n<script type=\"application\/ld+json\" class=\"yoast-schema-graph\">{\"@context\":\"https:\/\/schema.org\",\"@graph\":[{\"@type\":\"WebPage\",\"@id\":\"https:\/\/ia.com.tr\/tr\/yonetimsel-danismanlik\/\",\"url\":\"https:\/\/ia.com.tr\/tr\/yonetimsel-danismanlik\/\",\"name\":\"Y\u00f6netimsel Dan\u0131\u015fmanl\u0131k | IA | Accounting | Payroll | Tax | Paralegal | Audit\",\"isPartOf\":{\"@id\":\"https:\/\/ia.com.tr\/#website\"},\"datePublished\":\"2020-11-12T20:37:04+00:00\",\"dateModified\":\"2021-01-15T10:17:30+00:00\",\"breadcrumb\":{\"@id\":\"https:\/\/ia.com.tr\/tr\/yonetimsel-danismanlik\/#breadcrumb\"},\"inLanguage\":\"tr\",\"potentialAction\":[{\"@type\":\"ReadAction\",\"target\":[\"https:\/\/ia.com.tr\/tr\/yonetimsel-danismanlik\/\"]}]},{\"@type\":\"BreadcrumbList\",\"@id\":\"https:\/\/ia.com.tr\/tr\/yonetimsel-danismanlik\/#breadcrumb\",\"itemListElement\":[{\"@type\":\"ListItem\",\"position\":1,\"name\":\"Home\",\"item\":\"https:\/\/ia.com.tr\/tr\/ana-sayfa\/\"},{\"@type\":\"ListItem\",\"position\":2,\"name\":\"Y\u00f6netimsel Dan\u0131\u015fmanl\u0131k\"}]},{\"@type\":\"WebSite\",\"@id\":\"https:\/\/ia.com.tr\/#website\",\"url\":\"https:\/\/ia.com.tr\/\",\"name\":\"IA | Accounting | Payroll | Tax | Paralegal | Audit\",\"description\":\"\",\"publisher\":{\"@id\":\"https:\/\/ia.com.tr\/#organization\"},\"potentialAction\":[{\"@type\":\"SearchAction\",\"target\":{\"@type\":\"EntryPoint\",\"urlTemplate\":\"https:\/\/ia.com.tr\/?s={search_term_string}\"},\"query-input\":{\"@type\":\"PropertyValueSpecification\",\"valueRequired\":true,\"valueName\":\"search_term_string\"}}],\"inLanguage\":\"tr\"},{\"@type\":\"Organization\",\"@id\":\"https:\/\/ia.com.tr\/#organization\",\"name\":\"INDEPENDENT ACCOUNTANTS & ADVISORS\",\"url\":\"https:\/\/ia.com.tr\/\",\"logo\":{\"@type\":\"ImageObject\",\"inLanguage\":\"tr\",\"@id\":\"https:\/\/ia.com.tr\/#\/schema\/logo\/image\/\",\"url\":\"https:\/\/ia.com.tr\/wp-content\/uploads\/2019\/12\/isim_yok.jpg\",\"contentUrl\":\"https:\/\/ia.com.tr\/wp-content\/uploads\/2019\/12\/isim_yok.jpg\",\"width\":193,\"height\":193,\"caption\":\"INDEPENDENT ACCOUNTANTS & ADVISORS\"},\"image\":{\"@id\":\"https:\/\/ia.com.tr\/#\/schema\/logo\/image\/\"},\"sameAs\":[\"https:\/\/www.facebook.com\/IndependentAccountants\"]}]}<\/script>\n<!-- \/ Yoast SEO plugin. -->","yoast_head_json":{"title":"Y\u00f6netimsel Dan\u0131\u015fmanl\u0131k | IA | Accounting | Payroll | Tax | Paralegal | Audit","robots":{"index":"index","follow":"follow","max-snippet":"max-snippet:-1","max-image-preview":"max-image-preview:large","max-video-preview":"max-video-preview:-1"},"canonical":"https:\/\/ia.com.tr\/tr\/yonetimsel-danismanlik\/","og_locale":"tr_TR","og_type":"article","og_title":"Y\u00f6netimsel Dan\u0131\u015fmanl\u0131k | IA | Accounting | Payroll | Tax | Paralegal | Audit","og_url":"https:\/\/ia.com.tr\/tr\/yonetimsel-danismanlik\/","og_site_name":"IA | Accounting | Payroll | Tax | Paralegal | Audit","article_publisher":"https:\/\/www.facebook.com\/IndependentAccountants","article_modified_time":"2021-01-15T10:17:30+00:00","twitter_card":"summary_large_image","twitter_misc":{"Tahmini okuma s\u00fcresi":"4 dakika"},"schema":{"@context":"https:\/\/schema.org","@graph":[{"@type":"WebPage","@id":"https:\/\/ia.com.tr\/tr\/yonetimsel-danismanlik\/","url":"https:\/\/ia.com.tr\/tr\/yonetimsel-danismanlik\/","name":"Y\u00f6netimsel Dan\u0131\u015fmanl\u0131k | IA | Accounting | Payroll | Tax | Paralegal | Audit","isPartOf":{"@id":"https:\/\/ia.com.tr\/#website"},"datePublished":"2020-11-12T20:37:04+00:00","dateModified":"2021-01-15T10:17:30+00:00","breadcrumb":{"@id":"https:\/\/ia.com.tr\/tr\/yonetimsel-danismanlik\/#breadcrumb"},"inLanguage":"tr","potentialAction":[{"@type":"ReadAction","target":["https:\/\/ia.com.tr\/tr\/yonetimsel-danismanlik\/"]}]},{"@type":"BreadcrumbList","@id":"https:\/\/ia.com.tr\/tr\/yonetimsel-danismanlik\/#breadcrumb","itemListElement":[{"@type":"ListItem","position":1,"name":"Home","item":"https:\/\/ia.com.tr\/tr\/ana-sayfa\/"},{"@type":"ListItem","position":2,"name":"Y\u00f6netimsel Dan\u0131\u015fmanl\u0131k"}]},{"@type":"WebSite","@id":"https:\/\/ia.com.tr\/#website","url":"https:\/\/ia.com.tr\/","name":"IA | Accounting | Payroll | Tax | Paralegal | Audit","description":"","publisher":{"@id":"https:\/\/ia.com.tr\/#organization"},"potentialAction":[{"@type":"SearchAction","target":{"@type":"EntryPoint","urlTemplate":"https:\/\/ia.com.tr\/?s={search_term_string}"},"query-input":{"@type":"PropertyValueSpecification","valueRequired":true,"valueName":"search_term_string"}}],"inLanguage":"tr"},{"@type":"Organization","@id":"https:\/\/ia.com.tr\/#organization","name":"INDEPENDENT ACCOUNTANTS & ADVISORS","url":"https:\/\/ia.com.tr\/","logo":{"@type":"ImageObject","inLanguage":"tr","@id":"https:\/\/ia.com.tr\/#\/schema\/logo\/image\/","url":"https:\/\/ia.com.tr\/wp-content\/uploads\/2019\/12\/isim_yok.jpg","contentUrl":"https:\/\/ia.com.tr\/wp-content\/uploads\/2019\/12\/isim_yok.jpg","width":193,"height":193,"caption":"INDEPENDENT ACCOUNTANTS & ADVISORS"},"image":{"@id":"https:\/\/ia.com.tr\/#\/schema\/logo\/image\/"},"sameAs":["https:\/\/www.facebook.com\/IndependentAccountants"]}]}},"_links":{"self":[{"href":"https:\/\/ia.com.tr\/tr\/wp-json\/wp\/v2\/pages\/2722","targetHints":{"allow":["GET"]}}],"collection":[{"href":"https:\/\/ia.com.tr\/tr\/wp-json\/wp\/v2\/pages"}],"about":[{"href":"https:\/\/ia.com.tr\/tr\/wp-json\/wp\/v2\/types\/page"}],"author":[{"embeddable":true,"href":"https:\/\/ia.com.tr\/tr\/wp-json\/wp\/v2\/users\/3"}],"replies":[{"embeddable":true,"href":"https:\/\/ia.com.tr\/tr\/wp-json\/wp\/v2\/comments?post=2722"}],"version-history":[{"count":4,"href":"https:\/\/ia.com.tr\/tr\/wp-json\/wp\/v2\/pages\/2722\/revisions"}],"predecessor-version":[{"id":3005,"href":"https:\/\/ia.com.tr\/tr\/wp-json\/wp\/v2\/pages\/2722\/revisions\/3005"}],"wp:attachment":[{"href":"https:\/\/ia.com.tr\/tr\/wp-json\/wp\/v2\/media?parent=2722"}],"curies":[{"name":"wp","href":"https:\/\/api.w.org\/{rel}","templated":true}]}}