{"id":2728,"date":"2020-11-12T23:44:14","date_gmt":"2020-11-12T20:44:14","guid":{"rendered":"https:\/\/ia.com.tr\/?page_id=2728"},"modified":"2020-11-12T23:44:14","modified_gmt":"2020-11-12T20:44:14","slug":"bordro","status":"publish","type":"page","link":"https:\/\/ia.com.tr\/tr\/bordro\/","title":{"rendered":"Bordro"},"content":{"rendered":"<div  style='padding-bottom:10px; ' class='av-special-heading av-special-heading-h3    avia-builder-el-0  el_before_av_textblock  avia-builder-el-first  '><h3 class='av-special-heading-tag '  itemprop=\"headline\"  >Bordro Hizmetleri<\/h3><div class='special-heading-border'><div class='special-heading-inner-border' ><\/div><\/div><\/div>\n<section class=\"av_textblock_section \"  itemscope=\"itemscope\" itemtype=\"https:\/\/schema.org\/CreativeWork\" ><div class='avia_textblock  '   itemprop=\"text\" ><ul>\n<li>Maliyet merkezi baz\u0131nda y\u00f6netimden al\u0131nan yaz\u0131l\u0131 bilgilere g\u00f6re ayl\u0131k maa\u015f bordrolar\u0131n\u0131n haz\u0131rlanmas\u0131.<\/li>\n<li>Ayl\u0131k ve periyodik Sosyal G\u00fcvenlik Prim Beyannamelerinin haz\u0131rlanmas\u0131 ve imzalanmas\u0131.<\/li>\n<li>\u0130\u015fsizlik Kurumu Beyannamelerinin Haz\u0131rlanmas\u0131.<\/li>\n<li>\u0130stihdam Feshinin Hesaplanmas\u0131.<\/li>\n<li>Ayl\u0131k maa\u015f bordrosu bas\u0131m\u0131.<\/li>\n<\/ul>\n<h5>Expat \u0130\u015f\u00e7iler i\u00e7in \u00c7al\u0131\u015fma ve Oturma \u0130zinleri<\/h5>\n<ul>\n<li>T\u00fcrkiye&#8217;de \u00e7al\u0131\u015fma izni ve oturma izni almak i\u00e7in dan\u0131\u015fmanl\u0131k verilmesi, prosed\u00fcrler ve vize t\u00fcrleri hakk\u0131nda gerekli t\u00fcm bilgilerin verilmesi<\/li>\n<li>\u00c7al\u0131\u015fma izni ve ikamet izni ba\u015fvurusu i\u00e7in gerekli t\u00fcm formlar\u0131, gerekli evrak listesini, taslaklar\u0131 ve teslim mektuplar\u0131n\u0131 temin etmek ve toplamak<\/li>\n<li>\u0130\u015fveren firma ad\u0131na \u00c7al\u0131\u015fma Bakanl\u0131\u011f\u0131 online sisteminden \u00e7al\u0131\u015fma izni ba\u015fvurusunun yap\u0131lmas\u0131<\/li>\n<li>\u00c7al\u0131\u015fma izni ba\u015fvuru dosyas\u0131n\u0131n \u00c7al\u0131\u015fma Bakanl\u0131\u011f\u0131na sunulmas\u0131 ve ba\u015fvuru durumunun d\u00fczenli olarak takip edilmesi (Uzmanlar\u0131m\u0131z her hafta d\u00fczenli olarak \u00c7al\u0131\u015fma Bakanl\u0131\u011f\u0131na ziyaretler yaparlar ve her hafta Bakanl\u0131ktaki ilgili uzmanlar\u0131 ziyaret ederek ba\u015fvurunun durumunu takip ederler. .)<\/li>\n<li>\u0130kamet izni ba\u015fvuru sahipleri ad\u0131na G\u00f6\u00e7 \u0130daresi&#8217;nin online sisteminden ikamet izni ba\u015fvurusu yapmak<\/li>\n<li>\u00c7al\u0131\u015fma izni sahipleri i\u00e7in \u00e7al\u0131\u015fma izni uzatma ba\u015fvurular\u0131n\u0131n hat\u0131rlat\u0131lmas\u0131<\/li>\n<\/ul>\n<h5>Yat\u0131r\u0131m Te\u015fvik Dan\u0131\u015fmanl\u0131\u011f\u0131 Hizmetleri<\/h5>\n<p>T\u00fcrk h\u00fck\u00fcmeti, yerel ekonomide yabanc\u0131 yat\u0131r\u0131mlar\u0131 te\u015fvik etmeyi ama\u00e7layan farkl\u0131 sekt\u00f6rlerdeki \u015firketlere \u00e7ok \u00e7e\u015fitli te\u015fvikler sunmaktad\u0131r. Ancak, bu kural ve y\u00f6netmeliklerin te\u015fvikleri, uzman, profesyonel tavsiye gerektirir. Yasa konusundaki engin deneyimimiz ve bilgimiz, h\u00fck\u00fcmlerinin yan\u0131 s\u0131ra, m\u00fc\u015fterilerimize bunlardan kazan\u00e7lar\u0131n\u0131 en \u00fcst d\u00fczeye \u00e7\u0131karmak i\u00e7in dan\u0131\u015fmam\u0131za izin verir.<\/p>\n<p>Her b\u00fcy\u00fckl\u00fckte ve sekt\u00f6rden \u015firkete yard\u0131mc\u0131 oluyoruz ve a\u015fa\u011f\u0131dakiler dahil olmak \u00fczere \u00e7e\u015fitli yasalar kapsam\u0131nda devlet finansman\u0131ndan, avantajlar\u0131ndan ve te\u015fviklerinden tam olarak yararlanmalar\u0131na izin veriyoruz: Sermaye Yat\u0131r\u0131m\u0131n\u0131 Te\u015fvik Yasas\u0131, End\u00fcstriyel Ara\u015ft\u0131rma ve Geli\u015ftirmeyi Te\u015fvik Yasas\u0131 ve di\u011ferleri ilgili mevzuat. M\u00fc\u015fterilerimiz, giri\u015fimlerden teknoloji, end\u00fcstriyel \u00fcretim ve daha bir\u00e7ok alanda \u00e7ok uluslu \u015firketlere kadar uzanmaktad\u0131r.<\/p>\n<p>Hizmetlerimiz, i\u015f ve rekabet ortam\u0131n\u0131n derinlemesine anlay\u0131\u015f\u0131n\u0131n yan\u0131 s\u0131ra, T\u00fcrkiye ve yurtd\u0131\u015f\u0131ndaki kapsaml\u0131 te\u015fvik programlar\u0131 bilgisini birle\u015ftirir. Ekibimiz, m\u00fcvekkillerimizin \u00f6zel i\u015f ihtiya\u00e7lar\u0131na g\u00f6re uyarlanm\u0131\u015f, yarat\u0131c\u0131 \u00e7\u00f6z\u00fcmler sunan CPA&#8217;lar, avukatlar ve teknik uzmanlardan olu\u015fmaktad\u0131r. Ek olarak, dan\u0131\u015fmanlar\u0131m\u0131z d\u00fczenleyiciler ve politika yap\u0131c\u0131lar ile yak\u0131n \u00e7al\u0131\u015f\u0131r ve te\u015fvik mevzuat\u0131n\u0131n s\u0131k s\u0131k g\u00fcncellenmesine katk\u0131da bulunur.<\/p>\n<\/div><\/section>\n<div  class='avia-buttonrow-wrap avia-buttonrow-left   avia-builder-el-2  el_after_av_textblock  avia-builder-el-last '>\n<a href='\/wp-content\/uploads\/2019\/12\/27x20-tek-kirim-bros\u00fcr-min.pdf' class='avia-button  avia-icon_select-no avia-color-theme-color avia-size-x-large ' target=\"_blank\" style='margin-bottom:5px; margin-right:5px; ' rel=\"noopener\"><span class='avia_iconbox_title' >IA TANITIM <\/span><\/a>\n<a href='\/wp-content\/uploads\/2019\/12\/muhasebe-bordro-min.pdf' class='avia-button  avia-icon_select-no avia-color-theme-color avia-size-x-large ' target=\"_blank\" style='margin-bottom:5px; margin-right:5px; ' rel=\"noopener\"><span class='avia_iconbox_title' >MUHASEBE<\/span><\/a>\n<\/div>\n","protected":false},"excerpt":{"rendered":"","protected":false},"author":3,"featured_media":0,"parent":0,"menu_order":0,"comment_status":"closed","ping_status":"closed","template":"","meta":{"footnotes":""},"class_list":["post-2728","page","type-page","status-publish","hentry"],"yoast_head":"<!-- This site is optimized with the Yoast SEO plugin v25.3.1 - https:\/\/yoast.com\/wordpress\/plugins\/seo\/ -->\n<title>Bordro | IA | Accounting | Payroll | Tax | Paralegal | Audit<\/title>\n<meta name=\"robots\" content=\"index, follow, max-snippet:-1, max-image-preview:large, max-video-preview:-1\" \/>\n<link rel=\"canonical\" href=\"https:\/\/ia.com.tr\/tr\/bordro\/\" \/>\n<meta property=\"og:locale\" content=\"tr_TR\" \/>\n<meta property=\"og:type\" content=\"article\" \/>\n<meta property=\"og:title\" content=\"Bordro | IA | Accounting | Payroll | Tax | Paralegal | Audit\" \/>\n<meta property=\"og:url\" content=\"https:\/\/ia.com.tr\/tr\/bordro\/\" \/>\n<meta property=\"og:site_name\" content=\"IA | Accounting | Payroll | Tax | Paralegal | Audit\" \/>\n<meta property=\"article:publisher\" content=\"https:\/\/www.facebook.com\/IndependentAccountants\" \/>\n<meta name=\"twitter:card\" content=\"summary_large_image\" \/>\n<meta name=\"twitter:label1\" content=\"Tahmini okuma s\u00fcresi\" \/>\n\t<meta name=\"twitter:data1\" content=\"3 dakika\" \/>\n<script type=\"application\/ld+json\" class=\"yoast-schema-graph\">{\"@context\":\"https:\/\/schema.org\",\"@graph\":[{\"@type\":\"WebPage\",\"@id\":\"https:\/\/ia.com.tr\/tr\/bordro\/\",\"url\":\"https:\/\/ia.com.tr\/tr\/bordro\/\",\"name\":\"Bordro | IA | Accounting | Payroll | Tax | Paralegal | Audit\",\"isPartOf\":{\"@id\":\"https:\/\/ia.com.tr\/#website\"},\"datePublished\":\"2020-11-12T20:44:14+00:00\",\"breadcrumb\":{\"@id\":\"https:\/\/ia.com.tr\/tr\/bordro\/#breadcrumb\"},\"inLanguage\":\"tr\",\"potentialAction\":[{\"@type\":\"ReadAction\",\"target\":[\"https:\/\/ia.com.tr\/tr\/bordro\/\"]}]},{\"@type\":\"BreadcrumbList\",\"@id\":\"https:\/\/ia.com.tr\/tr\/bordro\/#breadcrumb\",\"itemListElement\":[{\"@type\":\"ListItem\",\"position\":1,\"name\":\"Home\",\"item\":\"https:\/\/ia.com.tr\/tr\/ana-sayfa\/\"},{\"@type\":\"ListItem\",\"position\":2,\"name\":\"Bordro\"}]},{\"@type\":\"WebSite\",\"@id\":\"https:\/\/ia.com.tr\/#website\",\"url\":\"https:\/\/ia.com.tr\/\",\"name\":\"IA | Accounting | Payroll | Tax | Paralegal | Audit\",\"description\":\"\",\"publisher\":{\"@id\":\"https:\/\/ia.com.tr\/#organization\"},\"potentialAction\":[{\"@type\":\"SearchAction\",\"target\":{\"@type\":\"EntryPoint\",\"urlTemplate\":\"https:\/\/ia.com.tr\/?s={search_term_string}\"},\"query-input\":{\"@type\":\"PropertyValueSpecification\",\"valueRequired\":true,\"valueName\":\"search_term_string\"}}],\"inLanguage\":\"tr\"},{\"@type\":\"Organization\",\"@id\":\"https:\/\/ia.com.tr\/#organization\",\"name\":\"INDEPENDENT ACCOUNTANTS & ADVISORS\",\"url\":\"https:\/\/ia.com.tr\/\",\"logo\":{\"@type\":\"ImageObject\",\"inLanguage\":\"tr\",\"@id\":\"https:\/\/ia.com.tr\/#\/schema\/logo\/image\/\",\"url\":\"https:\/\/ia.com.tr\/wp-content\/uploads\/2019\/12\/isim_yok.jpg\",\"contentUrl\":\"https:\/\/ia.com.tr\/wp-content\/uploads\/2019\/12\/isim_yok.jpg\",\"width\":193,\"height\":193,\"caption\":\"INDEPENDENT ACCOUNTANTS & ADVISORS\"},\"image\":{\"@id\":\"https:\/\/ia.com.tr\/#\/schema\/logo\/image\/\"},\"sameAs\":[\"https:\/\/www.facebook.com\/IndependentAccountants\"]}]}<\/script>\n<!-- \/ Yoast SEO plugin. -->","yoast_head_json":{"title":"Bordro | IA | Accounting | Payroll | Tax | Paralegal | Audit","robots":{"index":"index","follow":"follow","max-snippet":"max-snippet:-1","max-image-preview":"max-image-preview:large","max-video-preview":"max-video-preview:-1"},"canonical":"https:\/\/ia.com.tr\/tr\/bordro\/","og_locale":"tr_TR","og_type":"article","og_title":"Bordro | IA | Accounting | Payroll | Tax | Paralegal | Audit","og_url":"https:\/\/ia.com.tr\/tr\/bordro\/","og_site_name":"IA | Accounting | Payroll | Tax | Paralegal | Audit","article_publisher":"https:\/\/www.facebook.com\/IndependentAccountants","twitter_card":"summary_large_image","twitter_misc":{"Tahmini okuma s\u00fcresi":"3 dakika"},"schema":{"@context":"https:\/\/schema.org","@graph":[{"@type":"WebPage","@id":"https:\/\/ia.com.tr\/tr\/bordro\/","url":"https:\/\/ia.com.tr\/tr\/bordro\/","name":"Bordro | IA | Accounting | Payroll | Tax | Paralegal | Audit","isPartOf":{"@id":"https:\/\/ia.com.tr\/#website"},"datePublished":"2020-11-12T20:44:14+00:00","breadcrumb":{"@id":"https:\/\/ia.com.tr\/tr\/bordro\/#breadcrumb"},"inLanguage":"tr","potentialAction":[{"@type":"ReadAction","target":["https:\/\/ia.com.tr\/tr\/bordro\/"]}]},{"@type":"BreadcrumbList","@id":"https:\/\/ia.com.tr\/tr\/bordro\/#breadcrumb","itemListElement":[{"@type":"ListItem","position":1,"name":"Home","item":"https:\/\/ia.com.tr\/tr\/ana-sayfa\/"},{"@type":"ListItem","position":2,"name":"Bordro"}]},{"@type":"WebSite","@id":"https:\/\/ia.com.tr\/#website","url":"https:\/\/ia.com.tr\/","name":"IA | Accounting | Payroll | Tax | Paralegal | Audit","description":"","publisher":{"@id":"https:\/\/ia.com.tr\/#organization"},"potentialAction":[{"@type":"SearchAction","target":{"@type":"EntryPoint","urlTemplate":"https:\/\/ia.com.tr\/?s={search_term_string}"},"query-input":{"@type":"PropertyValueSpecification","valueRequired":true,"valueName":"search_term_string"}}],"inLanguage":"tr"},{"@type":"Organization","@id":"https:\/\/ia.com.tr\/#organization","name":"INDEPENDENT ACCOUNTANTS & ADVISORS","url":"https:\/\/ia.com.tr\/","logo":{"@type":"ImageObject","inLanguage":"tr","@id":"https:\/\/ia.com.tr\/#\/schema\/logo\/image\/","url":"https:\/\/ia.com.tr\/wp-content\/uploads\/2019\/12\/isim_yok.jpg","contentUrl":"https:\/\/ia.com.tr\/wp-content\/uploads\/2019\/12\/isim_yok.jpg","width":193,"height":193,"caption":"INDEPENDENT ACCOUNTANTS & ADVISORS"},"image":{"@id":"https:\/\/ia.com.tr\/#\/schema\/logo\/image\/"},"sameAs":["https:\/\/www.facebook.com\/IndependentAccountants"]}]}},"_links":{"self":[{"href":"https:\/\/ia.com.tr\/tr\/wp-json\/wp\/v2\/pages\/2728","targetHints":{"allow":["GET"]}}],"collection":[{"href":"https:\/\/ia.com.tr\/tr\/wp-json\/wp\/v2\/pages"}],"about":[{"href":"https:\/\/ia.com.tr\/tr\/wp-json\/wp\/v2\/types\/page"}],"author":[{"embeddable":true,"href":"https:\/\/ia.com.tr\/tr\/wp-json\/wp\/v2\/users\/3"}],"replies":[{"embeddable":true,"href":"https:\/\/ia.com.tr\/tr\/wp-json\/wp\/v2\/comments?post=2728"}],"version-history":[{"count":3,"href":"https:\/\/ia.com.tr\/tr\/wp-json\/wp\/v2\/pages\/2728\/revisions"}],"predecessor-version":[{"id":2731,"href":"https:\/\/ia.com.tr\/tr\/wp-json\/wp\/v2\/pages\/2728\/revisions\/2731"}],"wp:attachment":[{"href":"https:\/\/ia.com.tr\/tr\/wp-json\/wp\/v2\/media?parent=2728"}],"curies":[{"name":"wp","href":"https:\/\/api.w.org\/{rel}","templated":true}]}}