{"id":2733,"date":"2020-11-13T00:43:53","date_gmt":"2020-11-12T21:43:53","guid":{"rendered":"https:\/\/ia.com.tr\/?page_id=2733"},"modified":"2020-11-13T00:43:53","modified_gmt":"2020-11-12T21:43:53","slug":"vergi-hizmetleri","status":"publish","type":"page","link":"https:\/\/ia.com.tr\/tr\/vergi-hizmetleri\/","title":{"rendered":"Vergi Hizmetleri"},"content":{"rendered":"<div  style='padding-bottom:10px; ' class='av-special-heading av-special-heading-h3    avia-builder-el-0  el_before_av_textblock  avia-builder-el-first  '><h3 class='av-special-heading-tag '  itemprop=\"headline\"  >Vergi Hizmetleri<\/h3><div class='special-heading-border'><div class='special-heading-inner-border' ><\/div><\/div><\/div>\n<section class=\"av_textblock_section \"  itemscope=\"itemscope\" itemtype=\"https:\/\/schema.org\/CreativeWork\" ><div class='avia_textblock  '   itemprop=\"text\" ><p><strong><a href=\"#taxconsultancy\">Vergi Dan\u0131\u015fmanl\u0131\u011f\u0131 Hizmetleri<\/a><\/strong><\/p>\n<p><a href=\"#taxcertification\"><strong>Vergi Tasdik Hizmetleri<\/strong><\/a><\/p>\n<p><a href=\"#vatreturnservices\"><strong>KDV \u0130ade Hizmetleri<\/strong><\/a><\/p>\n<\/div><\/section>\n<\/div><\/div><\/div><!-- close content main div --><\/div><\/div><div id='taxconsultancy'  class='avia-section main_color avia-section-no-padding avia-no-border-styling avia-bg-style-scroll  avia-builder-el-2  el_after_av_textblock  el_before_av_section   container_wrap sidebar_right' style=' '  ><div class='container' ><div class='template-page content  av-content-small alpha units'><div class='post-entry post-entry-type-page post-entry-2733'><div class='entry-content-wrapper clearfix'>\n<section class=\"av_textblock_section \"  itemscope=\"itemscope\" itemtype=\"https:\/\/schema.org\/CreativeWork\" ><div class='avia_textblock  '   itemprop=\"text\" ><h5>Vergi Dan\u0131\u015fmanl\u0131\u011f\u0131 Hizmetleri<\/h5>\n<p>IA, \u015firketin kurulu\u015fundan sat\u0131\u015f ve tasfiye s\u00fcrecine kadar Ticaret Hukuku, Vergi Hukuku ve Vergi S\u00f6zle\u015fmeleri \u00e7er\u00e7evesinde vergi ve hukuki dan\u0131\u015fmanl\u0131k hizmetleri vermektedir.<\/p>\n<p>IA olarak m\u00fc\u015fterilerimizin faaliyetlerinin fark\u0131nday\u0131z. \u00c7ifte Vergilendirmeyi \u00d6nleme Anla\u015fmalar\u0131 ile m\u00fc\u015fterilerimize T\u00fcrkiye&#8217;ye vard\u0131klar\u0131nda edindi\u011fimiz tecr\u00fcbeler, kar transferinin \u00e7\u0131k\u0131\u015f\u0131n\u0131 vermi\u015f ve T\u00fcrkiye&#8217;ye \u00f6zg\u00fc vergi dan\u0131\u015fmanl\u0131\u011f\u0131 hizmetlerimiz oldu\u011funa inan\u0131yoruz.<\/p>\n<p>Vergi dan\u0131\u015fmanl\u0131\u011f\u0131 hizmetlerimiz kapsam\u0131nda, grup i\u00e7i faturalama ve transfer fiyatland\u0131rmas\u0131 h\u00fck\u00fcmleri kapsam\u0131nda dan\u0131\u015fmanl\u0131k hizmetleri de verilmektedir. Bu hizmetler kapsam\u0131nda Kurumlar Vergisi Beyannamesi eki ile birlikte sunulmas\u0131 gereken Transfer Fiyatland\u0131rmas\u0131 Formu ve Transfer Fiyatland\u0131rmas\u0131 Raporu ayr\u0131ca yaz\u0131l\u0131r.<\/p>\n<p>Ayr\u0131ca yurt d\u0131\u015f\u0131 ili\u015fkili firmalar\u0131m\u0131z ile birlikte Avrupa Birli\u011fi mevzuat\u0131na uygun olarak m\u00fc\u015fterimiz ad\u0131na KDV iadesi uygulamalar\u0131 yap\u0131yor ve sonu\u00e7land\u0131r\u0131yoruz.<\/p>\n<\/div><\/section>\n<\/div><\/div><\/div><!-- close content main div --><\/div><\/div><div id='taxcertification'  class='avia-section main_color avia-section-no-padding avia-no-border-styling avia-bg-style-scroll  avia-builder-el-4  el_after_av_section  el_before_av_section   container_wrap sidebar_right' style=' '  ><div class='container' ><div class='template-page content  av-content-small alpha units'><div class='post-entry post-entry-type-page post-entry-2733'><div class='entry-content-wrapper clearfix'>\n<section class=\"av_textblock_section \"  itemscope=\"itemscope\" itemtype=\"https:\/\/schema.org\/CreativeWork\" ><div class='avia_textblock  '   itemprop=\"text\" ><h5>Vergi Tasdik Hizmetleri<\/h5>\n<p>Vergi tasdik hizmeti ile m\u00fc\u015fterilerimizin muhasebe kay\u0131tlar\u0131 ve vergi hesaplamalar\u0131n\u0131n vergi mevzuat\u0131na uygun oldu\u011fu teyit edilmektedir. Bu hizmet ile vergi idaresi taraf\u0131ndan yap\u0131lacak incelemelerde ortaya \u00e7\u0131kabilecek vergi riskleri en aza indirilmektedir. Vergi tasdik hizmeti ile vergi m\u00fckelleflerinin vergi kanunlar\u0131n\u0131n yanl\u0131\u015f anla\u015f\u0131lmas\u0131 ve eksik yorumlanmas\u0131n\u0131n \u00f6n\u00fcne ge\u00e7ilmesi ve ortaya \u00e7\u0131kabilecek yanl\u0131\u015f uygulamalar\u0131n d\u00fczeltilmesi de ama\u00e7lanmaktad\u0131r. Ayr\u0131ca m\u00fc\u015fteriler varsa vergi avantajlar\u0131ndan yararlanabilmektedir.<\/p>\n<p>Vergi tasdik hizmeti denetimi, vergi dairesi taraf\u0131ndan yay\u0131nlanan Vergi tasdik standartlar\u0131 esas al\u0131narak en detayl\u0131 ve s\u00fcrekli \u015fekilde ger\u00e7ekle\u015ftirilir. Bu \u00e7al\u0131\u015fma sonucunda, \u015firketlerin vergi beyannameleri ve ili\u015fikteki mali tablolar\u0131n\u0131n ilgili vergi mevzuat\u0131 ile uyumlu hale getirilmesi suretiyle haz\u0131rlanan tasdik raporu m\u00fckellef vergi dairesine sunulmaktad\u0131r.<\/p>\n<p>Bu hizmet kapsam\u0131nda a\u015fa\u011f\u0131daki hizmetler ayr\u0131ca verilecektir.<\/p>\n<ul>\n<li>Firma i\u015flemlerinin vergi ve muhasebeye ili\u015fkin di\u011fer kurallara usul a\u00e7\u0131s\u0131ndan uygunlu\u011fu,<\/li>\n<li>Hatalar\u0131 d\u00fczeltmek i\u00e7in gerekli uyar\u0131lar\u0131 yapmak,<\/li>\n<li>Y\u0131lsonu bilan\u00e7o ve gelir tablosunun haz\u0131rlanmas\u0131n\u0131 denetlemek,<\/li>\n<li>Finansal tablolarda yer alan bilgilerin do\u011frulu\u011funun uygun tekniklerle kontrol edilmesi,<\/li>\n<li>Revizyon \u00e7al\u0131\u015fmas\u0131 sonunda, yukar\u0131da say\u0131lan prosed\u00fcrlere ili\u015fkin eksiklikleri ve \u00f6nerileri i\u00e7eren \u00fc\u00e7 ayl\u0131k bir rapor haz\u0131rlamak ve y\u00f6netime sunmak,<\/li>\n<li>Yat\u0131r\u0131m harcamalar\u0131n\u0131n s\u00fcbvansiyonlarla kontrol\u00fc ve onaylanmas\u0131,<\/li>\n<li>Enflasyona g\u00f6re d\u00fczeltilmi\u015f mali tablolar\u0131n kontrol\u00fc,<\/li>\n<li>Kurumlar vergisinden muaf kazan\u00e7lar\u0131n tespiti ve tasdiki,<\/li>\n<li>Y\u0131l sonu bilan\u00e7osu, gelir tablosu ve Kurumlar Vergisi Beyannamesinin onaylanmas\u0131,<\/li>\n<li>Tam tasdik raporunun Vergi Dairesine sunulmas\u0131<\/li>\n<\/ul>\n<p>Denetim hizmetlerimiz, bu alanda \u00f6nemli deneyime sahip YMM H.\u0130brahim TORUN ve uzman denet\u00e7i ekibi taraf\u0131ndan verilmektedir.<\/p>\n<\/div><\/section>\n<\/div><\/div><\/div><!-- close content main div --><\/div><\/div><div id='vatreturnservices'  class='avia-section main_color avia-section-no-padding avia-no-border-styling avia-bg-style-scroll  avia-builder-el-6  el_after_av_section  el_before_av_buttonrow   container_wrap sidebar_right' style=' '  ><div class='container' ><div class='template-page content  av-content-small alpha units'><div class='post-entry post-entry-type-page post-entry-2733'><div class='entry-content-wrapper clearfix'>\n<section class=\"av_textblock_section \"  itemscope=\"itemscope\" itemtype=\"https:\/\/schema.org\/CreativeWork\" ><div class='avia_textblock  '   itemprop=\"text\" ><h5>KDV \u0130ade Hizmetleri<\/h5>\n<p>Katma De\u011fer Vergisi, yap\u0131s\u0131ndan kaynaklanan finansman maliyeti nedeniyle firmalar taraf\u0131ndan \u00e7ok yak\u0131ndan y\u00f6netilmesi gereken bir vergidir.<\/p>\n<p>\u00d6zellikle vergi idaresinin vergi g\u00fcvenlik mekanizmalar\u0131 ve bazen sosyal ve siyasi dengeler ve d\u00fczenlemeler nedeniyle firmalar\u0131n uygulad\u0131\u011f\u0131 KDV dengesizle\u015fmekte ve KDV iadeleri, kesintileri ve iptalleri vergi idaresine tabidir.<\/p>\n<p>Vergi idaresi taraf\u0131ndan ger\u00e7ekle\u015ftirilmesi gereken bu prosed\u00fcrler genellikle profesyonel tavsiye gerektirir. Bir\u00e7ok \u015firket, sat\u0131\u015flar\u0131ndan toplad\u0131klar\u0131 katma de\u011fer vergisi ile sat\u0131n alma i\u015flemi i\u00e7in al\u0131nan katma de\u011fer vergisini kar\u015f\u0131layamamaktad\u0131r.<\/p>\n<p>Bu dengesizli\u011fin giderilmesi i\u00e7in KDV planlamas\u0131 ile Vergi Dairesi nezdinde kesinti ve iptal i\u015flemlerinin yap\u0131lmas\u0131 gerekmektedir. Bu kapsamda m\u00fc\u015fterilerimize Vergi Dairesi&#8217;ne uygun en iyi ve en h\u0131zl\u0131 \u015fekilde hizmet verilmekte olup, Yeminli Mali M\u00fc\u015favirlik Mevzuat\u0131 ve KDV mevzuat\u0131 gere\u011fi m\u00fc\u015fterilerimize KDV \u0130adesi, Kesintisi ve Vazge\u00e7me i\u015flemleri sa\u011flanmaktad\u0131r.<\/p>\n<p>Hizmetimiz, KDV \u0130adesi raporunun d\u00fczenlenmesi, nakit iadesi al\u0131nmas\u0131 ve teminatlar\u0131n \u00e7\u00f6z\u00fcmlenmesi s\u00fcrecini kapsamakta ve idari s\u00fcreci h\u0131zland\u0131rarak m\u00fc\u015fterilerimize katk\u0131 sa\u011flamaktad\u0131r.<\/p>\n<p>Ana KDV \u0130adesi hizmetlerimiz \u015funlar\u0131 i\u00e7erir:<\/p>\n<ul>\n<li>Mal ihracat\u0131ndan kaynaklanan KDV iadeleri ve kesintileri,<\/li>\n<li>Hizmet ihracat\u0131ndan kaynaklanan KDV iadeleri ve kesintileri,<\/li>\n<li>Kay\u0131tl\u0131 sat\u0131\u015flardan kaynaklanan KDV iade ve kesintileri,<\/li>\n<li>Petrol aramalar\u0131ndan kaynaklanan KDV iadeleri ve kesintileri,<\/li>\n<li>Alt\u0131n, g\u00fcm\u00fc\u015f veya platin arama ve i\u015fletme ve zenginle\u015ftirme faaliyetlerinde uygulanan istisna nedeniyle KDV iade ve kesintileri,<\/li>\n<\/ul>\n<\/div><\/section>\n<\/div><\/div><\/div><!-- close content main div --><\/div><\/div><div id='after_section_3'  class='main_color av_default_container_wrap container_wrap sidebar_right' style=' '  ><div class='container' ><div class='template-page content  av-content-small alpha units'><div class='post-entry post-entry-type-page post-entry-2733'><div class='entry-content-wrapper clearfix'><div  class='avia-buttonrow-wrap avia-buttonrow-left   avia-builder-el-8  el_after_av_section  avia-builder-el-no-sibling '>\n<a href='\/wp-content\/uploads\/2019\/12\/27x20-tek-kirim-bros\u00fcr-min.pdf' class='avia-button  avia-icon_select-no avia-color-theme-color avia-size-large ' target=\"_blank\" style='margin-bottom:5px; margin-right:5px; ' rel=\"noopener\"><span class='avia_iconbox_title' >IA TANITIM<\/span><\/a>\n<a href='\/wp-content\/uploads\/2019\/12\/kdv-iade-hizmetleri-min.pdf' class='avia-button  avia-icon_select-no avia-color-theme-color avia-size-large ' target=\"_blank\" style='margin-bottom:5px; margin-right:5px; ' rel=\"noopener\"><span class='avia_iconbox_title' >KDV H\u0130ZMETLER\u0130<\/span><\/a>\n<a href='\/wp-content\/uploads\/2019\/12\/tasdik-hizmetleri-min.pdf' class='avia-button  avia-icon_select-no avia-color-theme-color avia-size-large ' target=\"_blank\" style='margin-bottom:5px; margin-right:5px; ' rel=\"noopener\"><span class='avia_iconbox_title' >TASD\u0130K H\u0130ZMETLER\u0130<\/span><\/a>\n<a href='\/wp-content\/uploads\/2019\/12\/uluslararasi-vergiledirme-min.pdf' class='avia-button  avia-icon_select-no avia-color-theme-color avia-size-large ' target=\"_blank\" style='margin-bottom:5px; margin-right:5px; ' rel=\"noopener\"><span class='avia_iconbox_title' >ULUSL. VERG\u0130LEND\u0130RME<\/span><\/a>\n<\/div><\/p>\n","protected":false},"excerpt":{"rendered":"","protected":false},"author":3,"featured_media":0,"parent":0,"menu_order":0,"comment_status":"closed","ping_status":"closed","template":"","meta":{"footnotes":""},"class_list":["post-2733","page","type-page","status-publish","hentry"],"yoast_head":"<!-- This site is optimized with the Yoast SEO plugin v25.3.1 - https:\/\/yoast.com\/wordpress\/plugins\/seo\/ -->\n<title>Vergi Hizmetleri | IA | Accounting | Payroll | Tax | Paralegal | Audit<\/title>\n<meta name=\"robots\" content=\"index, follow, max-snippet:-1, max-image-preview:large, max-video-preview:-1\" \/>\n<link rel=\"canonical\" href=\"https:\/\/ia.com.tr\/tr\/vergi-hizmetleri\/\" \/>\n<meta property=\"og:locale\" content=\"tr_TR\" \/>\n<meta property=\"og:type\" content=\"article\" \/>\n<meta property=\"og:title\" content=\"Vergi Hizmetleri | IA | Accounting | Payroll | Tax | Paralegal | Audit\" \/>\n<meta property=\"og:url\" content=\"https:\/\/ia.com.tr\/tr\/vergi-hizmetleri\/\" \/>\n<meta property=\"og:site_name\" content=\"IA | Accounting | Payroll | Tax | Paralegal | Audit\" \/>\n<meta property=\"article:publisher\" content=\"https:\/\/www.facebook.com\/IndependentAccountants\" \/>\n<meta name=\"twitter:card\" content=\"summary_large_image\" \/>\n<meta name=\"twitter:label1\" content=\"Tahmini okuma s\u00fcresi\" \/>\n\t<meta name=\"twitter:data1\" content=\"7 dakika\" \/>\n<script type=\"application\/ld+json\" class=\"yoast-schema-graph\">{\"@context\":\"https:\/\/schema.org\",\"@graph\":[{\"@type\":\"WebPage\",\"@id\":\"https:\/\/ia.com.tr\/tr\/vergi-hizmetleri\/\",\"url\":\"https:\/\/ia.com.tr\/tr\/vergi-hizmetleri\/\",\"name\":\"Vergi Hizmetleri | IA | Accounting | Payroll | Tax | Paralegal | Audit\",\"isPartOf\":{\"@id\":\"https:\/\/ia.com.tr\/#website\"},\"datePublished\":\"2020-11-12T21:43:53+00:00\",\"breadcrumb\":{\"@id\":\"https:\/\/ia.com.tr\/tr\/vergi-hizmetleri\/#breadcrumb\"},\"inLanguage\":\"tr\",\"potentialAction\":[{\"@type\":\"ReadAction\",\"target\":[\"https:\/\/ia.com.tr\/tr\/vergi-hizmetleri\/\"]}]},{\"@type\":\"BreadcrumbList\",\"@id\":\"https:\/\/ia.com.tr\/tr\/vergi-hizmetleri\/#breadcrumb\",\"itemListElement\":[{\"@type\":\"ListItem\",\"position\":1,\"name\":\"Home\",\"item\":\"https:\/\/ia.com.tr\/tr\/ana-sayfa\/\"},{\"@type\":\"ListItem\",\"position\":2,\"name\":\"Vergi Hizmetleri\"}]},{\"@type\":\"WebSite\",\"@id\":\"https:\/\/ia.com.tr\/#website\",\"url\":\"https:\/\/ia.com.tr\/\",\"name\":\"IA | Accounting | Payroll | Tax | Paralegal | Audit\",\"description\":\"\",\"publisher\":{\"@id\":\"https:\/\/ia.com.tr\/#organization\"},\"potentialAction\":[{\"@type\":\"SearchAction\",\"target\":{\"@type\":\"EntryPoint\",\"urlTemplate\":\"https:\/\/ia.com.tr\/?s={search_term_string}\"},\"query-input\":{\"@type\":\"PropertyValueSpecification\",\"valueRequired\":true,\"valueName\":\"search_term_string\"}}],\"inLanguage\":\"tr\"},{\"@type\":\"Organization\",\"@id\":\"https:\/\/ia.com.tr\/#organization\",\"name\":\"INDEPENDENT ACCOUNTANTS & ADVISORS\",\"url\":\"https:\/\/ia.com.tr\/\",\"logo\":{\"@type\":\"ImageObject\",\"inLanguage\":\"tr\",\"@id\":\"https:\/\/ia.com.tr\/#\/schema\/logo\/image\/\",\"url\":\"https:\/\/ia.com.tr\/wp-content\/uploads\/2019\/12\/isim_yok.jpg\",\"contentUrl\":\"https:\/\/ia.com.tr\/wp-content\/uploads\/2019\/12\/isim_yok.jpg\",\"width\":193,\"height\":193,\"caption\":\"INDEPENDENT ACCOUNTANTS & ADVISORS\"},\"image\":{\"@id\":\"https:\/\/ia.com.tr\/#\/schema\/logo\/image\/\"},\"sameAs\":[\"https:\/\/www.facebook.com\/IndependentAccountants\"]}]}<\/script>\n<!-- \/ Yoast SEO plugin. -->","yoast_head_json":{"title":"Vergi Hizmetleri | IA | Accounting | Payroll | Tax | Paralegal | Audit","robots":{"index":"index","follow":"follow","max-snippet":"max-snippet:-1","max-image-preview":"max-image-preview:large","max-video-preview":"max-video-preview:-1"},"canonical":"https:\/\/ia.com.tr\/tr\/vergi-hizmetleri\/","og_locale":"tr_TR","og_type":"article","og_title":"Vergi Hizmetleri | IA | Accounting | Payroll | Tax | Paralegal | Audit","og_url":"https:\/\/ia.com.tr\/tr\/vergi-hizmetleri\/","og_site_name":"IA | Accounting | Payroll | Tax | Paralegal | Audit","article_publisher":"https:\/\/www.facebook.com\/IndependentAccountants","twitter_card":"summary_large_image","twitter_misc":{"Tahmini okuma s\u00fcresi":"7 dakika"},"schema":{"@context":"https:\/\/schema.org","@graph":[{"@type":"WebPage","@id":"https:\/\/ia.com.tr\/tr\/vergi-hizmetleri\/","url":"https:\/\/ia.com.tr\/tr\/vergi-hizmetleri\/","name":"Vergi Hizmetleri | IA | Accounting | Payroll | Tax | Paralegal | Audit","isPartOf":{"@id":"https:\/\/ia.com.tr\/#website"},"datePublished":"2020-11-12T21:43:53+00:00","breadcrumb":{"@id":"https:\/\/ia.com.tr\/tr\/vergi-hizmetleri\/#breadcrumb"},"inLanguage":"tr","potentialAction":[{"@type":"ReadAction","target":["https:\/\/ia.com.tr\/tr\/vergi-hizmetleri\/"]}]},{"@type":"BreadcrumbList","@id":"https:\/\/ia.com.tr\/tr\/vergi-hizmetleri\/#breadcrumb","itemListElement":[{"@type":"ListItem","position":1,"name":"Home","item":"https:\/\/ia.com.tr\/tr\/ana-sayfa\/"},{"@type":"ListItem","position":2,"name":"Vergi Hizmetleri"}]},{"@type":"WebSite","@id":"https:\/\/ia.com.tr\/#website","url":"https:\/\/ia.com.tr\/","name":"IA | Accounting | Payroll | Tax | Paralegal | Audit","description":"","publisher":{"@id":"https:\/\/ia.com.tr\/#organization"},"potentialAction":[{"@type":"SearchAction","target":{"@type":"EntryPoint","urlTemplate":"https:\/\/ia.com.tr\/?s={search_term_string}"},"query-input":{"@type":"PropertyValueSpecification","valueRequired":true,"valueName":"search_term_string"}}],"inLanguage":"tr"},{"@type":"Organization","@id":"https:\/\/ia.com.tr\/#organization","name":"INDEPENDENT ACCOUNTANTS & ADVISORS","url":"https:\/\/ia.com.tr\/","logo":{"@type":"ImageObject","inLanguage":"tr","@id":"https:\/\/ia.com.tr\/#\/schema\/logo\/image\/","url":"https:\/\/ia.com.tr\/wp-content\/uploads\/2019\/12\/isim_yok.jpg","contentUrl":"https:\/\/ia.com.tr\/wp-content\/uploads\/2019\/12\/isim_yok.jpg","width":193,"height":193,"caption":"INDEPENDENT ACCOUNTANTS & ADVISORS"},"image":{"@id":"https:\/\/ia.com.tr\/#\/schema\/logo\/image\/"},"sameAs":["https:\/\/www.facebook.com\/IndependentAccountants"]}]}},"_links":{"self":[{"href":"https:\/\/ia.com.tr\/tr\/wp-json\/wp\/v2\/pages\/2733","targetHints":{"allow":["GET"]}}],"collection":[{"href":"https:\/\/ia.com.tr\/tr\/wp-json\/wp\/v2\/pages"}],"about":[{"href":"https:\/\/ia.com.tr\/tr\/wp-json\/wp\/v2\/types\/page"}],"author":[{"embeddable":true,"href":"https:\/\/ia.com.tr\/tr\/wp-json\/wp\/v2\/users\/3"}],"replies":[{"embeddable":true,"href":"https:\/\/ia.com.tr\/tr\/wp-json\/wp\/v2\/comments?post=2733"}],"version-history":[{"count":3,"href":"https:\/\/ia.com.tr\/tr\/wp-json\/wp\/v2\/pages\/2733\/revisions"}],"predecessor-version":[{"id":2736,"href":"https:\/\/ia.com.tr\/tr\/wp-json\/wp\/v2\/pages\/2733\/revisions\/2736"}],"wp:attachment":[{"href":"https:\/\/ia.com.tr\/tr\/wp-json\/wp\/v2\/media?parent=2733"}],"curies":[{"name":"wp","href":"https:\/\/api.w.org\/{rel}","templated":true}]}}