{"id":2820,"date":"2020-11-23T17:30:56","date_gmt":"2020-11-23T14:30:56","guid":{"rendered":"https:\/\/ia.com.tr\/?page_id=2820"},"modified":"2020-11-23T17:31:56","modified_gmt":"2020-11-23T14:31:56","slug":"sirkulerler","status":"publish","type":"page","link":"https:\/\/ia.com.tr\/tr\/yayinlar\/sirkulerler\/","title":{"rendered":"Sirk\u00fclerler"},"content":{"rendered":"<div class=\"flex_column av_one_full  flex_column_div av-zero-column-padding first  avia-builder-el-0  avia-builder-el-no-sibling  \" style='border-radius:0px; '><div  id=\"1\"  class='av-magazine   avia-builder-el-1  avia-builder-el-no-sibling   av-magazine-hero-top av-magazine-top-bar-active' ><div class='av-magazine-top-bar ' ><a href='http:\/\/' class='av-magazine-top-heading '>Sirk\u00fclerler<\/a><\/div><div class='av-magazine-group sort_all'><div class='av-magazine-hero first '><article class='hentry av-magazine-entry av-magazine-entry-id-3194 av-magazine-format-standard av-magazine-type-post av-magazine-entry-1 av-magazine-entry-big '  itemscope=\"itemscope\" itemtype=\"https:\/\/schema.org\/CreativeWork\" ><div class='av-magazine-thumbnail'><a href='https:\/\/ia.com.tr\/tr\/asgari-ucrete-vergi-yok-iade-yok\/' title='\u015euraya linkle:  Asgari \u00dccrete VERG\u0130 yok \u0130ADE yok' class='av-magazine-thumbnail-link '><img loading=\"lazy\" decoding=\"async\" width=\"80\" height=\"80\" src=\"https:\/\/ia.com.tr\/wp-content\/uploads\/2019\/12\/harita_ikon.png\" class=\"attachment-magazine size-magazine wp-post-image\" alt=\"\" srcset=\"https:\/\/ia.com.tr\/wp-content\/uploads\/2019\/12\/harita_ikon.png 80w, https:\/\/ia.com.tr\/wp-content\/uploads\/2019\/12\/harita_ikon-36x36.png 36w\" sizes=\"auto, (max-width: 80px) 100vw, 80px\" \/><\/a><\/div><div class='av-magazine-content-wrap'><header class='entry-content-header'><time class='av-magazine-time updated'  itemprop=\"datePublished\" datetime=\"2021-12-28T15:05:15+03:00\" >Aral\u0131k 28, 2021<\/time><h3 class='av-magazine-title entry-title '  itemprop=\"headline\" ><a href='https:\/\/ia.com.tr\/tr\/asgari-ucrete-vergi-yok-iade-yok\/' title='\u015euraya linkle:  Asgari \u00dccrete VERG\u0130 yok \u0130ADE yok'>Asgari \u00dccrete VERG\u0130 yok \u0130ADE yok<\/a><\/h3><\/header><div class='av-magazine-content entry-content'  itemprop=\"text\" ><p><b>Konu: Asgari \u00dccrete VERG\u0130 yok \u0130ADE yok <\/b><\/p>\r\n01\/01\/2022 Tarihinden itibaren \u00dccretlilerin vergilendirilmesinde \u00fccretin; asgari \u00fccret tutar\u0131 kadar olan k\u0131sm\u0131 Gelir Vergisinden ve Damga Vergisinden istisna edilmi\u015ftir. Ayr\u0131ca 2008 y\u0131l\u0131ndan beri uygulanmakta olan Asgari Ge\u00e7im \u0130ndirimi (AG\u0130) y\u00fcr\u00fcrl\u00fckten tamamen kald\u0131r\u0131lm\u0131\u015ft\u0131r.\r\n\r\nAG\u0130 asl\u0131nda bir tip vergi iadesidir. Asgari \u00fccrette vergi kald\u0131r\u0131l\u0131nca otomatik olarak iadesi de m\u00fcmk\u00fcn olmayacakt\u0131r.<\/div><\/div><footer class='entry-footer'><\/footer><\/article><\/div><div class='av-magazine-sideshow '><article class='hentry av-magazine-entry av-magazine-entry-id-3188 av-magazine-format-standard av-magazine-type-post av-magazine-entry-2 av-magazine-entry-small '  itemscope=\"itemscope\" itemtype=\"https:\/\/schema.org\/CreativeWork\" ><div class='av-magazine-thumbnail'><a href='https:\/\/ia.com.tr\/tr\/7338-sayili-kanunla-gelir-vergisi-kanununda-yapilan-duzenlemeler\/' title='\u015euraya linkle:  7338 Say\u0131l\u0131 Kanun\u2019la Gelir Vergisi Kanunu\u2019nda Yap\u0131lan D\u00fczenlemeler' class='av-magazine-thumbnail-link '><img loading=\"lazy\" decoding=\"async\" width=\"80\" height=\"80\" src=\"https:\/\/ia.com.tr\/wp-content\/uploads\/2019\/12\/harita_ikon.png\" class=\"attachment-thumbnail size-thumbnail wp-post-image\" alt=\"\" srcset=\"https:\/\/ia.com.tr\/wp-content\/uploads\/2019\/12\/harita_ikon.png 80w, https:\/\/ia.com.tr\/wp-content\/uploads\/2019\/12\/harita_ikon-36x36.png 36w\" sizes=\"auto, (max-width: 80px) 100vw, 80px\" \/><\/a><\/div><div class='av-magazine-content-wrap'><header class='entry-content-header'><time class='av-magazine-time updated'  itemprop=\"datePublished\" datetime=\"2021-12-14T19:55:51+03:00\" >Aral\u0131k 14, 2021<\/time><h3 class='av-magazine-title entry-title '  itemprop=\"headline\" ><a href='https:\/\/ia.com.tr\/tr\/7338-sayili-kanunla-gelir-vergisi-kanununda-yapilan-duzenlemeler\/' title='\u015euraya linkle:  7338 Say\u0131l\u0131 Kanun\u2019la Gelir Vergisi Kanunu\u2019nda Yap\u0131lan D\u00fczenlemeler'>7338 Say\u0131l\u0131 Kanun\u2019la Gelir Vergisi Kanunu\u2019nda Yap\u0131lan D\u00fczenlemeler<\/a><\/h3><\/header><\/div><footer class='entry-footer'><\/footer><\/article><article class='hentry av-magazine-entry av-magazine-entry-id-3184 av-magazine-format-standard av-magazine-type-post av-magazine-entry-3 av-magazine-entry-small '  itemscope=\"itemscope\" itemtype=\"https:\/\/schema.org\/CreativeWork\" ><div class='av-magazine-thumbnail'><a href='https:\/\/ia.com.tr\/tr\/7338-sayili-kanunla-vergi-usul-kanununda-yapilan-duzenlemeler\/' title='\u015euraya linkle:  7338 Say\u0131l\u0131 Kanunla Vergi Usul Kanunu\u2019nda Yap\u0131lan D\u00fczenlemeler' class='av-magazine-thumbnail-link '><img loading=\"lazy\" decoding=\"async\" width=\"80\" height=\"80\" src=\"https:\/\/ia.com.tr\/wp-content\/uploads\/2019\/12\/harita_ikon.png\" class=\"attachment-thumbnail size-thumbnail wp-post-image\" alt=\"\" srcset=\"https:\/\/ia.com.tr\/wp-content\/uploads\/2019\/12\/harita_ikon.png 80w, https:\/\/ia.com.tr\/wp-content\/uploads\/2019\/12\/harita_ikon-36x36.png 36w\" sizes=\"auto, (max-width: 80px) 100vw, 80px\" \/><\/a><\/div><div class='av-magazine-content-wrap'><header class='entry-content-header'><time class='av-magazine-time updated'  itemprop=\"datePublished\" datetime=\"2021-12-14T19:34:38+03:00\" >Aral\u0131k 14, 2021<\/time><h3 class='av-magazine-title entry-title '  itemprop=\"headline\" ><a href='https:\/\/ia.com.tr\/tr\/7338-sayili-kanunla-vergi-usul-kanununda-yapilan-duzenlemeler\/' title='\u015euraya linkle:  7338 Say\u0131l\u0131 Kanunla Vergi Usul Kanunu\u2019nda Yap\u0131lan D\u00fczenlemeler'>7338 Say\u0131l\u0131 Kanunla Vergi Usul Kanunu\u2019nda Yap\u0131lan D\u00fczenlemeler<\/a><\/h3><\/header><\/div><footer class='entry-footer'><\/footer><\/article><article class='hentry av-magazine-entry av-magazine-entry-id-3181 av-magazine-format-standard av-magazine-type-post av-magazine-entry-4 av-magazine-entry-small '  itemscope=\"itemscope\" itemtype=\"https:\/\/schema.org\/CreativeWork\" ><div class='av-magazine-thumbnail'><a href='https:\/\/ia.com.tr\/tr\/7338-sayili-kanunla-kdv-otv-ve-kurumlar-vergisi-kanununda-yapilan-duzenlemeler\/' title='\u015euraya linkle:  7338 Say\u0131l\u0131 Kanunla KDV, \u00d6TV ve Kurumlar Vergisi Kanunu\u2019nda Yap\u0131lan D\u00fczenlemeler' class='av-magazine-thumbnail-link '><img loading=\"lazy\" decoding=\"async\" width=\"80\" height=\"80\" src=\"https:\/\/ia.com.tr\/wp-content\/uploads\/2019\/12\/harita_ikon.png\" class=\"attachment-thumbnail size-thumbnail wp-post-image\" alt=\"\" srcset=\"https:\/\/ia.com.tr\/wp-content\/uploads\/2019\/12\/harita_ikon.png 80w, https:\/\/ia.com.tr\/wp-content\/uploads\/2019\/12\/harita_ikon-36x36.png 36w\" sizes=\"auto, (max-width: 80px) 100vw, 80px\" \/><\/a><\/div><div class='av-magazine-content-wrap'><header class='entry-content-header'><time class='av-magazine-time updated'  itemprop=\"datePublished\" datetime=\"2021-12-14T19:21:34+03:00\" >Aral\u0131k 14, 2021<\/time><h3 class='av-magazine-title entry-title '  itemprop=\"headline\" ><a href='https:\/\/ia.com.tr\/tr\/7338-sayili-kanunla-kdv-otv-ve-kurumlar-vergisi-kanununda-yapilan-duzenlemeler\/' title='\u015euraya linkle:  7338 Say\u0131l\u0131 Kanunla KDV, \u00d6TV ve Kurumlar Vergisi Kanunu\u2019nda Yap\u0131lan D\u00fczenlemeler'>7338 Say\u0131l\u0131 Kanunla KDV, \u00d6TV ve Kurumlar Vergisi Kanunu\u2019nda Yap\u0131lan D\u00fczenlemeler<\/a><\/h3><\/header><\/div><footer class='entry-footer'><\/footer><\/article><article class='hentry av-magazine-entry av-magazine-entry-id-3144 av-magazine-format-standard av-magazine-type-post av-magazine-entry-5 av-magazine-entry-small '  itemscope=\"itemscope\" itemtype=\"https:\/\/schema.org\/CreativeWork\" ><div class='av-magazine-thumbnail'><a href='https:\/\/ia.com.tr\/tr\/e-tebligat-basvuru-yollari\/' title='\u015euraya linkle:  e-Tebligat Ba\u015fvuru Yollar\u0131' class='av-magazine-thumbnail-link '><img loading=\"lazy\" decoding=\"async\" width=\"80\" height=\"80\" src=\"https:\/\/ia.com.tr\/wp-content\/uploads\/2019\/12\/harita_ikon.png\" class=\"attachment-thumbnail size-thumbnail wp-post-image\" alt=\"\" srcset=\"https:\/\/ia.com.tr\/wp-content\/uploads\/2019\/12\/harita_ikon.png 80w, https:\/\/ia.com.tr\/wp-content\/uploads\/2019\/12\/harita_ikon-36x36.png 36w\" sizes=\"auto, (max-width: 80px) 100vw, 80px\" \/><\/a><\/div><div class='av-magazine-content-wrap'><header class='entry-content-header'><time class='av-magazine-time updated'  itemprop=\"datePublished\" datetime=\"2021-12-14T17:37:30+03:00\" >Aral\u0131k 14, 2021<\/time><h3 class='av-magazine-title entry-title '  itemprop=\"headline\" ><a href='https:\/\/ia.com.tr\/tr\/e-tebligat-basvuru-yollari\/' title='\u015euraya linkle:  e-Tebligat Ba\u015fvuru Yollar\u0131'>e-Tebligat Ba\u015fvuru Yollar\u0131<\/a><\/h3><\/header><\/div><footer class='entry-footer'><\/footer><\/article><article class='hentry av-magazine-entry av-magazine-entry-id-3127 av-magazine-format-standard av-magazine-type-post av-magazine-entry-6 av-magazine-entry-small '  itemscope=\"itemscope\" itemtype=\"https:\/\/schema.org\/CreativeWork\" ><div class='av-magazine-thumbnail'><a href='https:\/\/ia.com.tr\/tr\/finansman-gider-kisitlamalari-hakkinda\/' title='\u015euraya linkle:  Finansman Gider K\u0131s\u0131tlamalar\u0131 Hakk\u0131nda' class='av-magazine-thumbnail-link '><img loading=\"lazy\" decoding=\"async\" width=\"80\" height=\"80\" src=\"https:\/\/ia.com.tr\/wp-content\/uploads\/2019\/12\/harita_ikon.png\" class=\"attachment-thumbnail size-thumbnail wp-post-image\" alt=\"\" srcset=\"https:\/\/ia.com.tr\/wp-content\/uploads\/2019\/12\/harita_ikon.png 80w, https:\/\/ia.com.tr\/wp-content\/uploads\/2019\/12\/harita_ikon-36x36.png 36w\" sizes=\"auto, (max-width: 80px) 100vw, 80px\" \/><\/a><\/div><div class='av-magazine-content-wrap'><header class='entry-content-header'><time class='av-magazine-time updated'  itemprop=\"datePublished\" datetime=\"2021-06-01T01:43:55+03:00\" >Haziran 1, 2021<\/time><h3 class='av-magazine-title entry-title '  itemprop=\"headline\" ><a href='https:\/\/ia.com.tr\/tr\/finansman-gider-kisitlamalari-hakkinda\/' title='\u015euraya linkle:  Finansman Gider K\u0131s\u0131tlamalar\u0131 Hakk\u0131nda'>Finansman Gider K\u0131s\u0131tlamalar\u0131 Hakk\u0131nda<\/a><\/h3><\/header><\/div><footer class='entry-footer'><\/footer><\/article><article class='hentry av-magazine-entry av-magazine-entry-id-3089 av-magazine-format-standard av-magazine-type-post av-magazine-entry-7 av-magazine-entry-small '  itemscope=\"itemscope\" itemtype=\"https:\/\/schema.org\/CreativeWork\" ><div class='av-magazine-thumbnail'><a href='https:\/\/ia.com.tr\/tr\/yuksek-ucret-geliri-elde-edenler-dikkat\/' title='\u015euraya linkle:  Y\u00fcksek \u00dccret Geliri Elde Edenler Dikkat!!' class='iconfont av-magazine-entry-icon' aria-hidden='true' data-av_icon='\ue836' data-av_iconfont='entypo-fontello'><\/a><\/div><div class='av-magazine-content-wrap'><header class='entry-content-header'><time class='av-magazine-time updated'  itemprop=\"datePublished\" datetime=\"2021-03-17T14:57:56+03:00\" >Mart 17, 2021<\/time><h3 class='av-magazine-title entry-title '  itemprop=\"headline\" ><a href='https:\/\/ia.com.tr\/tr\/yuksek-ucret-geliri-elde-edenler-dikkat\/' title='\u015euraya linkle:  Y\u00fcksek \u00dccret Geliri Elde Edenler Dikkat!!'>Y\u00fcksek \u00dccret Geliri Elde Edenler Dikkat!!<\/a><\/h3><\/header><\/div><footer class='entry-footer'><\/footer><\/article><article class='hentry av-magazine-entry av-magazine-entry-id-2915 av-magazine-format-standard av-magazine-type-post av-magazine-entry-8 av-magazine-entry-small '  itemscope=\"itemscope\" itemtype=\"https:\/\/schema.org\/CreativeWork\" ><div class='av-magazine-thumbnail'><a href='https:\/\/ia.com.tr\/tr\/7256-bazi-varliklarin-ekonomiye-kazandirilmasi-hakkinda-teblig\/' title='\u015euraya linkle:  7256 Baz\u0131 Varl\u0131klar\u0131n Ekonomiye Kazand\u0131r\u0131lmas\u0131 Hakk\u0131nda Tebli\u011f' class='iconfont av-magazine-entry-icon' aria-hidden='true' data-av_icon='\ue836' data-av_iconfont='entypo-fontello'><\/a><\/div><div class='av-magazine-content-wrap'><header class='entry-content-header'><time class='av-magazine-time updated'  itemprop=\"datePublished\" datetime=\"2020-11-30T14:08:21+03:00\" >Kas\u0131m 30, 2020<\/time><h3 class='av-magazine-title entry-title '  itemprop=\"headline\" ><a href='https:\/\/ia.com.tr\/tr\/7256-bazi-varliklarin-ekonomiye-kazandirilmasi-hakkinda-teblig\/' title='\u015euraya linkle:  7256 Baz\u0131 Varl\u0131klar\u0131n Ekonomiye Kazand\u0131r\u0131lmas\u0131 Hakk\u0131nda Tebli\u011f'>7256 Baz\u0131 Varl\u0131klar\u0131n Ekonomiye Kazand\u0131r\u0131lmas\u0131 Hakk\u0131nda Tebli\u011f<\/a><\/h3><\/header><\/div><footer class='entry-footer'><\/footer><\/article><article class='hentry av-magazine-entry av-magazine-entry-id-2912 av-magazine-format-standard av-magazine-type-post av-magazine-entry-9 av-magazine-entry-small '  itemscope=\"itemscope\" itemtype=\"https:\/\/schema.org\/CreativeWork\" ><div class='av-magazine-thumbnail'><a href='https:\/\/ia.com.tr\/tr\/yeniden-degerleme-orani-belli-oldu\/' title='\u015euraya linkle:  Yeniden De\u011ferleme Oran\u0131 Belli Oldu!' class='iconfont av-magazine-entry-icon' aria-hidden='true' data-av_icon='\ue836' data-av_iconfont='entypo-fontello'><\/a><\/div><div class='av-magazine-content-wrap'><header class='entry-content-header'><time class='av-magazine-time updated'  itemprop=\"datePublished\" datetime=\"2020-11-30T14:04:59+03:00\" >Kas\u0131m 30, 2020<\/time><h3 class='av-magazine-title entry-title '  itemprop=\"headline\" ><a href='https:\/\/ia.com.tr\/tr\/yeniden-degerleme-orani-belli-oldu\/' title='\u015euraya linkle:  Yeniden De\u011ferleme Oran\u0131 Belli Oldu!'>Yeniden De\u011ferleme Oran\u0131 Belli Oldu!<\/a><\/h3><\/header><\/div><footer class='entry-footer'><\/footer><\/article><article class='hentry av-magazine-entry av-magazine-entry-id-2775 av-magazine-format-standard av-magazine-type-post av-magazine-entry-10 av-magazine-entry-small '  itemscope=\"itemscope\" itemtype=\"https:\/\/schema.org\/CreativeWork\" ><div class='av-magazine-thumbnail'><a href='https:\/\/ia.com.tr\/tr\/beklenen-kanun-17-kasim-2020-tarihinde-yururluge-girdi-bazi-alacaklarin-yeniden-yapilandirilmasi-ile-ilgili-kanunla-sunulan-firsatlari-kacirmayiniz\/' title='\u015euraya linkle:  Beklenen Kanun 17 Kas\u0131m 2020 Tarihinde Y\u00fcr\u00fcrl\u00fc\u011fe Girdi!' class='av-magazine-thumbnail-link '><img loading=\"lazy\" decoding=\"async\" width=\"80\" height=\"80\" src=\"https:\/\/ia.com.tr\/wp-content\/uploads\/2019\/12\/harita_ikon.png\" class=\"attachment-thumbnail size-thumbnail wp-post-image\" alt=\"\" srcset=\"https:\/\/ia.com.tr\/wp-content\/uploads\/2019\/12\/harita_ikon.png 80w, https:\/\/ia.com.tr\/wp-content\/uploads\/2019\/12\/harita_ikon-36x36.png 36w\" sizes=\"auto, (max-width: 80px) 100vw, 80px\" \/><\/a><\/div><div class='av-magazine-content-wrap'><header class='entry-content-header'><time class='av-magazine-time updated'  itemprop=\"datePublished\" datetime=\"2020-11-20T11:32:12+03:00\" >Kas\u0131m 20, 2020<\/time><h3 class='av-magazine-title entry-title '  itemprop=\"headline\" ><a href='https:\/\/ia.com.tr\/tr\/beklenen-kanun-17-kasim-2020-tarihinde-yururluge-girdi-bazi-alacaklarin-yeniden-yapilandirilmasi-ile-ilgili-kanunla-sunulan-firsatlari-kacirmayiniz\/' title='\u015euraya linkle:  Beklenen Kanun 17 Kas\u0131m 2020 Tarihinde Y\u00fcr\u00fcrl\u00fc\u011fe Girdi!'>Beklenen Kanun 17 Kas\u0131m 2020 Tarihinde Y\u00fcr\u00fcrl\u00fc\u011fe Girdi!<\/a><\/h3><\/header><\/div><footer class='entry-footer'><\/footer><\/article><\/div><\/div><div class='av-masonry-pagination av-masonry-pagination-pagination'><nav class='pagination'><span class='pagination-meta'>Page 1 of 3<\/span><span class='current'>1<\/span><a href='https:\/\/ia.com.tr\/tr\/wp-json\/wp\/v2\/pages\/2820\/page\/2\/' class='inactive next_page' >2<\/a><a href='https:\/\/ia.com.tr\/tr\/wp-json\/wp\/v2\/pages\/2820\/page\/3\/' class='inactive' >3<\/a><\/nav>\n<\/div><\/div><\/div>\n","protected":false},"excerpt":{"rendered":"","protected":false},"author":3,"featured_media":2498,"parent":2815,"menu_order":0,"comment_status":"closed","ping_status":"closed","template":"","meta":{"footnotes":""},"class_list":["post-2820","page","type-page","status-publish","has-post-thumbnail","hentry"],"yoast_head":"<!-- This site is optimized with the Yoast SEO plugin v25.3.1 - https:\/\/yoast.com\/wordpress\/plugins\/seo\/ -->\n<title>Sirk\u00fclerler | IA | Accounting | Payroll | Tax | Paralegal | Audit<\/title>\n<meta name=\"robots\" content=\"index, follow, max-snippet:-1, max-image-preview:large, max-video-preview:-1\" \/>\n<link rel=\"canonical\" href=\"https:\/\/ia.com.tr\/tr\/yayinlar\/sirkulerler\/\" \/>\n<meta property=\"og:locale\" content=\"tr_TR\" \/>\n<meta property=\"og:type\" content=\"article\" \/>\n<meta property=\"og:title\" content=\"Sirk\u00fclerler | IA | Accounting | Payroll | Tax | Paralegal | Audit\" \/>\n<meta property=\"og:url\" content=\"https:\/\/ia.com.tr\/tr\/yayinlar\/sirkulerler\/\" \/>\n<meta property=\"og:site_name\" content=\"IA | Accounting | Payroll | Tax | Paralegal | Audit\" \/>\n<meta property=\"article:publisher\" content=\"https:\/\/www.facebook.com\/IndependentAccountants\" \/>\n<meta property=\"article:modified_time\" content=\"2020-11-23T14:31:56+00:00\" \/>\n<meta property=\"og:image\" content=\"https:\/\/ia.com.tr\/wp-content\/uploads\/2019\/12\/harita_ikon.png\" \/>\n\t<meta property=\"og:image:width\" content=\"80\" \/>\n\t<meta property=\"og:image:height\" content=\"80\" \/>\n\t<meta property=\"og:image:type\" content=\"image\/png\" \/>\n<meta name=\"twitter:card\" content=\"summary_large_image\" \/>\n<meta name=\"twitter:label1\" content=\"Tahmini okuma s\u00fcresi\" \/>\n\t<meta name=\"twitter:data1\" content=\"1 dakika\" \/>\n<script type=\"application\/ld+json\" class=\"yoast-schema-graph\">{\"@context\":\"https:\/\/schema.org\",\"@graph\":[{\"@type\":\"WebPage\",\"@id\":\"https:\/\/ia.com.tr\/tr\/yayinlar\/sirkulerler\/\",\"url\":\"https:\/\/ia.com.tr\/tr\/yayinlar\/sirkulerler\/\",\"name\":\"Sirk\u00fclerler | IA | Accounting | Payroll | Tax | Paralegal | Audit\",\"isPartOf\":{\"@id\":\"https:\/\/ia.com.tr\/#website\"},\"primaryImageOfPage\":{\"@id\":\"https:\/\/ia.com.tr\/tr\/yayinlar\/sirkulerler\/#primaryimage\"},\"image\":{\"@id\":\"https:\/\/ia.com.tr\/tr\/yayinlar\/sirkulerler\/#primaryimage\"},\"thumbnailUrl\":\"https:\/\/ia.com.tr\/wp-content\/uploads\/2019\/12\/harita_ikon.png\",\"datePublished\":\"2020-11-23T14:30:56+00:00\",\"dateModified\":\"2020-11-23T14:31:56+00:00\",\"breadcrumb\":{\"@id\":\"https:\/\/ia.com.tr\/tr\/yayinlar\/sirkulerler\/#breadcrumb\"},\"inLanguage\":\"tr\",\"potentialAction\":[{\"@type\":\"ReadAction\",\"target\":[\"https:\/\/ia.com.tr\/tr\/yayinlar\/sirkulerler\/\"]}]},{\"@type\":\"ImageObject\",\"inLanguage\":\"tr\",\"@id\":\"https:\/\/ia.com.tr\/tr\/yayinlar\/sirkulerler\/#primaryimage\",\"url\":\"https:\/\/ia.com.tr\/wp-content\/uploads\/2019\/12\/harita_ikon.png\",\"contentUrl\":\"https:\/\/ia.com.tr\/wp-content\/uploads\/2019\/12\/harita_ikon.png\",\"width\":80,\"height\":80},{\"@type\":\"BreadcrumbList\",\"@id\":\"https:\/\/ia.com.tr\/tr\/yayinlar\/sirkulerler\/#breadcrumb\",\"itemListElement\":[{\"@type\":\"ListItem\",\"position\":1,\"name\":\"Home\",\"item\":\"https:\/\/ia.com.tr\/tr\/ana-sayfa\/\"},{\"@type\":\"ListItem\",\"position\":2,\"name\":\"Yay\u0131nlar\",\"item\":\"https:\/\/ia.com.tr\/tr\/yayinlar\/\"},{\"@type\":\"ListItem\",\"position\":3,\"name\":\"Sirk\u00fclerler\"}]},{\"@type\":\"WebSite\",\"@id\":\"https:\/\/ia.com.tr\/#website\",\"url\":\"https:\/\/ia.com.tr\/\",\"name\":\"IA | Accounting | Payroll | Tax | Paralegal | Audit\",\"description\":\"\",\"publisher\":{\"@id\":\"https:\/\/ia.com.tr\/#organization\"},\"potentialAction\":[{\"@type\":\"SearchAction\",\"target\":{\"@type\":\"EntryPoint\",\"urlTemplate\":\"https:\/\/ia.com.tr\/?s={search_term_string}\"},\"query-input\":{\"@type\":\"PropertyValueSpecification\",\"valueRequired\":true,\"valueName\":\"search_term_string\"}}],\"inLanguage\":\"tr\"},{\"@type\":\"Organization\",\"@id\":\"https:\/\/ia.com.tr\/#organization\",\"name\":\"INDEPENDENT ACCOUNTANTS & ADVISORS\",\"url\":\"https:\/\/ia.com.tr\/\",\"logo\":{\"@type\":\"ImageObject\",\"inLanguage\":\"tr\",\"@id\":\"https:\/\/ia.com.tr\/#\/schema\/logo\/image\/\",\"url\":\"https:\/\/ia.com.tr\/wp-content\/uploads\/2019\/12\/isim_yok.jpg\",\"contentUrl\":\"https:\/\/ia.com.tr\/wp-content\/uploads\/2019\/12\/isim_yok.jpg\",\"width\":193,\"height\":193,\"caption\":\"INDEPENDENT ACCOUNTANTS & ADVISORS\"},\"image\":{\"@id\":\"https:\/\/ia.com.tr\/#\/schema\/logo\/image\/\"},\"sameAs\":[\"https:\/\/www.facebook.com\/IndependentAccountants\"]}]}<\/script>\n<!-- \/ Yoast SEO plugin. -->","yoast_head_json":{"title":"Sirk\u00fclerler | IA | Accounting | Payroll | Tax | Paralegal | Audit","robots":{"index":"index","follow":"follow","max-snippet":"max-snippet:-1","max-image-preview":"max-image-preview:large","max-video-preview":"max-video-preview:-1"},"canonical":"https:\/\/ia.com.tr\/tr\/yayinlar\/sirkulerler\/","og_locale":"tr_TR","og_type":"article","og_title":"Sirk\u00fclerler | IA | Accounting | Payroll | Tax | Paralegal | Audit","og_url":"https:\/\/ia.com.tr\/tr\/yayinlar\/sirkulerler\/","og_site_name":"IA | Accounting | Payroll | Tax | Paralegal | Audit","article_publisher":"https:\/\/www.facebook.com\/IndependentAccountants","article_modified_time":"2020-11-23T14:31:56+00:00","og_image":[{"width":80,"height":80,"url":"https:\/\/ia.com.tr\/wp-content\/uploads\/2019\/12\/harita_ikon.png","type":"image\/png"}],"twitter_card":"summary_large_image","twitter_misc":{"Tahmini okuma s\u00fcresi":"1 dakika"},"schema":{"@context":"https:\/\/schema.org","@graph":[{"@type":"WebPage","@id":"https:\/\/ia.com.tr\/tr\/yayinlar\/sirkulerler\/","url":"https:\/\/ia.com.tr\/tr\/yayinlar\/sirkulerler\/","name":"Sirk\u00fclerler | IA | Accounting | Payroll | Tax | Paralegal | Audit","isPartOf":{"@id":"https:\/\/ia.com.tr\/#website"},"primaryImageOfPage":{"@id":"https:\/\/ia.com.tr\/tr\/yayinlar\/sirkulerler\/#primaryimage"},"image":{"@id":"https:\/\/ia.com.tr\/tr\/yayinlar\/sirkulerler\/#primaryimage"},"thumbnailUrl":"https:\/\/ia.com.tr\/wp-content\/uploads\/2019\/12\/harita_ikon.png","datePublished":"2020-11-23T14:30:56+00:00","dateModified":"2020-11-23T14:31:56+00:00","breadcrumb":{"@id":"https:\/\/ia.com.tr\/tr\/yayinlar\/sirkulerler\/#breadcrumb"},"inLanguage":"tr","potentialAction":[{"@type":"ReadAction","target":["https:\/\/ia.com.tr\/tr\/yayinlar\/sirkulerler\/"]}]},{"@type":"ImageObject","inLanguage":"tr","@id":"https:\/\/ia.com.tr\/tr\/yayinlar\/sirkulerler\/#primaryimage","url":"https:\/\/ia.com.tr\/wp-content\/uploads\/2019\/12\/harita_ikon.png","contentUrl":"https:\/\/ia.com.tr\/wp-content\/uploads\/2019\/12\/harita_ikon.png","width":80,"height":80},{"@type":"BreadcrumbList","@id":"https:\/\/ia.com.tr\/tr\/yayinlar\/sirkulerler\/#breadcrumb","itemListElement":[{"@type":"ListItem","position":1,"name":"Home","item":"https:\/\/ia.com.tr\/tr\/ana-sayfa\/"},{"@type":"ListItem","position":2,"name":"Yay\u0131nlar","item":"https:\/\/ia.com.tr\/tr\/yayinlar\/"},{"@type":"ListItem","position":3,"name":"Sirk\u00fclerler"}]},{"@type":"WebSite","@id":"https:\/\/ia.com.tr\/#website","url":"https:\/\/ia.com.tr\/","name":"IA | Accounting | Payroll | Tax | Paralegal | Audit","description":"","publisher":{"@id":"https:\/\/ia.com.tr\/#organization"},"potentialAction":[{"@type":"SearchAction","target":{"@type":"EntryPoint","urlTemplate":"https:\/\/ia.com.tr\/?s={search_term_string}"},"query-input":{"@type":"PropertyValueSpecification","valueRequired":true,"valueName":"search_term_string"}}],"inLanguage":"tr"},{"@type":"Organization","@id":"https:\/\/ia.com.tr\/#organization","name":"INDEPENDENT ACCOUNTANTS & ADVISORS","url":"https:\/\/ia.com.tr\/","logo":{"@type":"ImageObject","inLanguage":"tr","@id":"https:\/\/ia.com.tr\/#\/schema\/logo\/image\/","url":"https:\/\/ia.com.tr\/wp-content\/uploads\/2019\/12\/isim_yok.jpg","contentUrl":"https:\/\/ia.com.tr\/wp-content\/uploads\/2019\/12\/isim_yok.jpg","width":193,"height":193,"caption":"INDEPENDENT ACCOUNTANTS & ADVISORS"},"image":{"@id":"https:\/\/ia.com.tr\/#\/schema\/logo\/image\/"},"sameAs":["https:\/\/www.facebook.com\/IndependentAccountants"]}]}},"_links":{"self":[{"href":"https:\/\/ia.com.tr\/tr\/wp-json\/wp\/v2\/pages\/2820","targetHints":{"allow":["GET"]}}],"collection":[{"href":"https:\/\/ia.com.tr\/tr\/wp-json\/wp\/v2\/pages"}],"about":[{"href":"https:\/\/ia.com.tr\/tr\/wp-json\/wp\/v2\/types\/page"}],"author":[{"embeddable":true,"href":"https:\/\/ia.com.tr\/tr\/wp-json\/wp\/v2\/users\/3"}],"replies":[{"embeddable":true,"href":"https:\/\/ia.com.tr\/tr\/wp-json\/wp\/v2\/comments?post=2820"}],"version-history":[{"count":4,"href":"https:\/\/ia.com.tr\/tr\/wp-json\/wp\/v2\/pages\/2820\/revisions"}],"predecessor-version":[{"id":3084,"href":"https:\/\/ia.com.tr\/tr\/wp-json\/wp\/v2\/pages\/2820\/revisions\/3084"}],"up":[{"embeddable":true,"href":"https:\/\/ia.com.tr\/tr\/wp-json\/wp\/v2\/pages\/2815"}],"wp:featuredmedia":[{"embeddable":true,"href":"https:\/\/ia.com.tr\/tr\/wp-json\/wp\/v2\/media\/2498"}],"wp:attachment":[{"href":"https:\/\/ia.com.tr\/tr\/wp-json\/wp\/v2\/media?parent=2820"}],"curies":[{"name":"wp","href":"https:\/\/api.w.org\/{rel}","templated":true}]}}